{"id":842,"date":"2013-05-31T08:17:52","date_gmt":"2013-05-31T08:17:52","guid":{"rendered":"http:\/\/www.brosig-koch.de\/?page_id=842"},"modified":"2013-05-31T08:17:52","modified_gmt":"2013-05-31T08:17:52","slug":"call-for-student-volunteers","status":"publish","type":"page","link":"https:\/\/muc2013.mensch-und-computer.de\/en\/mensch-computer\/call-for-student-volunteers\/","title":{"rendered":"Call for Student Volunteers"},"content":{"rendered":"<p>Die wichtigste deutschsprachige Konferenz im Bereich Mensch-Computer-Interaktion will DICH als Student Volunteer. Die Gesellschaft f\u00fcr Informatik, die German UPA und die Fachgruppe e-Learning der Gesellschaft f\u00fcr Informatik laden zur Tagung Mensch &amp; Computer 2013 an die Universit\u00e4t Bremen ein. Zusammen mit der e-Learning Tagung DeLFI und der Usability Professional findet die Mensch und Computer unter dem Titel \u201cInteraktive Vielfalt\u201d statt. Viele spannende und informative Fachvortr\u00e4ge, Workshops, Tutorien und Demonstrationen bieten Anlass und Raum f\u00fcr fachliche Diskussionen. Die Tagung findet statt vom 8. bis 11. September 2013.<\/p>\n<p>Studierenden bietet die Konferenz eine besondere M\u00f6glichkeit einen Einblick in die aktuellen Forschungsthemen unter dem Motto \u201eInteraktive Vielfalt\u201c zu bekommen, Systemdemonstrationen live zu erleben, den eigenen Horizont im Austausch mit Fachkompetenten zu erweitern und Teil eines vielf\u00e4ltigen hoch motivierten Teams zu sein.<\/p>\n<p>Dich interessiert neben der Konferenz auch der gesamte Ablauf hinter den Kulissen, Du bist motiviert, verl\u00e4sslich und enthusiastisch bei der Arbeit. Dann werde Teil unseres agilen und vielseitigen Teams als Student Volunteer zwischen Weser und Fallturm auf der Mensch &amp; Computer Konferenz 2013 an der Universit\u00e4t Bremen.<\/p>\n<p>Bewirb Dich jetzt!<\/p>\n<h3>Being a Student Volunteer<\/h3>\n<p>Student Volunteers tragen entscheidend zu der gesamten Konferenz bei. Ihr als Volunteers seid mitverantwortlich, das Organisationsteam f\u00fcr den reibungslosen Ablauf der Konferenz zu unterst\u00fctzen und seid Repr\u00e4sentanten der Tagung. Nat\u00fcrlich bekommt Ihr zu Beginn erst einmal einen \u00dcberblick \u00fcber den Tagungsort, das gesamte Team und das Aufgabenfeld.<br \/>\nIhr solltet von Samstag, 7. September 2013 (nachmittags) bis Mittwoch, 11. September 2013 (abends) vor Ort in Bremen sein. Die Arbeitszeit \u00fcber die gesamte Konferenz hinweg betr\u00e4gt insgesamt ca. 20 Stunden.<\/p>\n<h3>Eure T\u00e4tigkeiten beinhalten unter anderem<\/h3>\n<ul>\n<li>Unterst\u00fctzung am Empfang der Konferenz<\/li>\n<li>Vorbereitung der Konferenzr\u00e4ume<\/li>\n<li>Technische Betreuung w\u00e4hrend der Sessions und Demos<\/li>\n<li>Tatkr\u00e4ftige Unterst\u00fctzung des Tagungsb\u00fcros<\/li>\n<li>Fragen von Konferenzteilnehmern beantworten und behilflich zur Seite stehen<\/li>\n<li>Unterst\u00fctzung beim Catering in den Pausen<\/li>\n<\/ul>\n<h3>F\u00fcr Eure tatkr\u00e4ftige Unterst\u00fctzung bieten wir Euch<\/h3>\n<ul>\n<li>freien Eintritt zu den Konferenzen Mensch und Computer, UP und DeLFI<\/li>\n<li>Kontakt zu interessanten Unternehmen der Branche kn\u00fcpfen<\/li>\n<li>die komplette Konferenztasche inklusive der elektronischen Proceedings<\/li>\n<li>ein hei\u00df begehrtes Student Volunteer T-Shirt im Corporate Design der Konferenz<\/li>\n<li>Unterkunft in Bremen vom 7. bis zum 11. September (entweder privat von uns vermittelt oder in der Jugendherberge)<\/li>\n<\/ul>\n<p>In den Freizeiten k\u00f6nnt Ihr nat\u00fcrlich an den Vortr\u00e4gen, Demonstrationen und Diskussionen kostenfrei teilnehmen.<\/p>\n<h3>Wer kann Student Volunteer werden?<\/h3>\n<p>Zum Tagungszeitraum eingeschriebene Studierende und Promovenden aus allen Fachrichtungen mit Interesse an Mensch-Computer-Interaktion, Usability-Themen und E-Learning.<\/p>\n<h3>Wo und bis wann kann man sich bewerben?<\/h3>\n<p>Bewerbungen f\u00fcr einen der Pl\u00e4tze als Student Volunteer sendet Ihr bitte per E-Mail bis sp\u00e4testens 01. Juli 2013 an Bj\u00f6rn Mellies (bmellies@informatik.uni-bremen.de).<\/p>\n<h3>Was soll in die Bewerbung rein?<\/h3>\n<p>Die Bewerbung als Student Volunteer sollte Deinen Namen, die Universit\u00e4t an der Du eingeschrieben bist, den Studiengang und das Semester, Deine T-Shirt Gr\u00f6\u00dfe, sowie ein kurzes Motivationsschreiben (maximal eine halbe Din A4 Seite) enthalten.<\/p>\n<h3>Wann bekommt Ihr Bescheid, ob Ihr einen der begehrten Pl\u00e4tze bekommen habt?<\/h3>\n<p>Ob Ihr einen der Pl\u00e4tze als Student Volunteer auf der Mensch &amp; Computer 2013 an der sch\u00f6nen Weser in Bremen bekommen habt, erfahrt Ihr per Mail bis zum 08. Juli 2013.<\/p>\n<h3>Anreise, Unterkunft und Verpflegung?<\/h3>\n<p>F\u00fcr die Anreise und Verpflegung m\u00fcsst Ihr selbst aufkommen. Wir werden aber Eure Kontaktdaten untereinander austauschen, damit Ihr gegebenenfalls Fahrgemeinschaften organisieren k\u00f6nnt.<\/p>\n<p>Die Kosten der \u00dcbernachtung in Bremen f\u00fcr den Zeitraum der Konferenz \u00fcbernehmen wir f\u00fcr Euch.<\/p>\n<p>Eine \u00dcbersicht zur Anreise findet Ihr auf unserer Webseite:<br \/>\n<a href=\"http:\/\/muc2013.mensch-und-computer.de\/mensch-computer\/konferenzort\/reiseinformationen\/\">Anreise<\/a><\/p>\n<h3>Noch Fragen offen?<\/h3>\n<p>Dann wendet euch einfach mit einer Mail an uns.<br \/>\nEuer Ansprechpartner ist Bj\u00f6rn Mellies, zu erreichen unter: bmellies@informatik.uni-bremen.de<\/p>","protected":false},"excerpt":{"rendered":"<p>Die wichtigste deutschsprachige Konferenz im Bereich Mensch-Computer-Interaktion will DICH als Student Volunteer. Die Gesellschaft f\u00fcr Informatik, die German UPA und die Fachgruppe e-Learning der Gesellschaft f\u00fcr Informatik laden zur Tagung Mensch &amp; Computer 2013 an die Universit\u00e4t Bremen ein. Zusammen &hellip; <a href=\"https:\/\/muc2013.mensch-und-computer.de\/en\/mensch-computer\/call-for-student-volunteers\/\">Continue reading <span class=\"meta-nav\">&rarr;<\/span><\/a><\/p>\n","protected":false},"author":2,"featured_media":0,"parent":6,"menu_order":90,"comment_status":"closed","ping_status":"closed","template":"","meta":{"footnotes":""},"class_list":["post-842","page","type-page","status-publish","hentry"],"_links":{"self":[{"href":"https:\/\/muc2013.mensch-und-computer.de\/en\/wp-json\/wp\/v2\/pages\/842","targetHints":{"allow":["GET"]}}],"collection":[{"href":"https:\/\/muc2013.mensch-und-computer.de\/en\/wp-json\/wp\/v2\/pages"}],"about":[{"href":"https:\/\/muc2013.mensch-und-computer.de\/en\/wp-json\/wp\/v2\/types\/page"}],"author":[{"embeddable":true,"href":"https:\/\/muc2013.mensch-und-computer.de\/en\/wp-json\/wp\/v2\/users\/2"}],"replies":[{"embeddable":true,"href":"https:\/\/muc2013.mensch-und-computer.de\/en\/wp-json\/wp\/v2\/comments?post=842"}],"version-history":[{"count":0,"href":"https:\/\/muc2013.mensch-und-computer.de\/en\/wp-json\/wp\/v2\/pages\/842\/revisions"}],"up":[{"embeddable":true,"href":"https:\/\/muc2013.mensch-und-computer.de\/en\/wp-json\/wp\/v2\/pages\/6"}],"wp:attachment":[{"href":"https:\/\/muc2013.mensch-und-computer.de\/en\/wp-json\/wp\/v2\/media?parent=842"}],"curies":[{"name":"wp","href":"https:\/\/api.w.org\/{rel}","templated":true}]}}