{"id":658,"date":"2013-04-05T08:50:02","date_gmt":"2013-04-05T08:50:02","guid":{"rendered":"http:\/\/www.brosig-koch.de\/?page_id=658"},"modified":"2013-04-05T08:50:02","modified_gmt":"2013-04-05T08:50:02","slug":"sponsor-werden","status":"publish","type":"page","link":"https:\/\/muc2013.mensch-und-computer.de\/en\/delfi\/sponsoren\/sponsor-werden\/","title":{"rendered":"Sponsor werden"},"content":{"rendered":"<p>Auf der Fachtagung Mensch &amp; Computer treffen sich j\u00e4hrlich 600 bis 800 Personen aus Wissenschaft,\u00a0Forschung und Praxis, um \u00fcber neueste Forschungsergebnisse zu diskutieren, Erfahrungen\u00a0auszutauschen und neue Produkte und Methoden kennen zu lernen. Die Tagung bietet\u00a0Einblicke in die Entwicklungen in den Bereichen Usability, User Experience, Mensch-Computer\u00a0Interaktion und Gestaltung interaktiver Medien. Die Tagung besch\u00e4ftigt sich aber auch mit\u00a0aktuellen Trends am Markt.<\/p>\n<p>Gemeinsam mit der Mensch &amp; Computer 2013 findet die Usability Professionals 2013 statt, der\u00a0Treffpunkt der Praktikerinnen und Praktiker aus den Bereichen User Experience und Usability\u00a0und zugleich Jahrestagung des Berufsverbandes German UPA e.V., sowie die e-Learning\u00a0Fachtagung DeLFI 2013.<\/p>\n<p>Seit der Gr\u00fcndung der Konferenzreihe Mensch &amp; Computer im Jahr 2000 hat eine stetig\u00a0wachsende Zahl lokaler bis weltweit operierender technologieorientierter Unternehmen die\u00a0Chance genutzt, eine aufgeschlossene Personengruppe gezielt im Rahmen der Tagung anzusprechen\u00a0und ihr nachhaltig die eigenen Produkte und Dienstleistungen zu pr\u00e4sentieren.<\/p>\n<p>Wir m\u00f6chten Ihnen als Unternehmen die M\u00f6glichkeit bieten, als Sponsor und\/oder Aussteller Ihre Zielgruppe \u2013 Forscher, Praktiker und Auftraggeber auf den Gebieten HCI, Usability und User Experience w\u00e4hrend der Mensch &amp; Computer 2013 in Dialog zu treten.<\/p>\n<p>Es gibt verschiedene M\u00f6glichkeiten, Ihr Unternehmen bei der Konferenz zu pr\u00e4sentieren. Ausf\u00fchrliche Informationen lassen wir Ihnen gerne zukommen, melden Sie sich einfach per E-Mail oder telefonisch bei uns.<\/p>\n<p>Gerne besprechen wir mit Ihnen auch individuelle Umsetzungsw\u00fcnsche.<\/p>\n<h3>Kontakt:<\/h3>\n<p><strong>Prof. Dr. Susanne Maa\u00df<\/strong><br \/>\nUniversit\u00e4t Bremen<br \/>\nFachbereich 3: Mathematik \/ Informatik<br \/>\nSoziotechnische Systemgestaltung &amp; Gender<br \/>\nBibliothekstra\u00dfe 1<br \/>\n28359 Bremen<br \/>\nEmail: maass@informatik.uni-bremen.de<br \/>\nTel: +49 (0) 421 &#8211; 218 64 391<\/p>\n<p><strong>Prof. Dr. Rainer Malaka<\/strong><br \/>\nUniversit\u00e4t Bremen<br \/>\nFachbereich 3: Mathematik \/ Informatik<br \/>\nDigitale Medien<br \/>\nBibliothekstra\u00dfe 1<br \/>\n28359 Bremen<br \/>\nEmail: dm@tzi.de<br \/>\nTel: +49 (0)421-218 64 400<\/p>\n<p><strong>Prof. Dr. Susanne Boll<\/strong><br \/>\nCarl von Ossietzky-Universit\u00e4t Oldenburg<br \/>\nFachbereich Informatik<br \/>\nMedia Informatics and Multimedia Systems<br \/>\nEscherweg 2<br \/>\n26121 Oldenburg<br \/>\nEmail: Susanne.Boll@informatik.uni-oldenburg.de<br \/>\nTel: +49 (0) 441 &#8211; 97 22 213<\/p>","protected":false},"excerpt":{"rendered":"<p>Auf der Fachtagung Mensch &amp; Computer treffen sich j\u00e4hrlich 600 bis 800 Personen aus Wissenschaft,\u00a0Forschung und Praxis, um \u00fcber neueste Forschungsergebnisse zu diskutieren, Erfahrungen\u00a0auszutauschen und neue Produkte und Methoden kennen zu lernen. Die Tagung bietet\u00a0Einblicke in die Entwicklungen in den &hellip; <a href=\"https:\/\/muc2013.mensch-und-computer.de\/en\/delfi\/sponsoren\/sponsor-werden\/\">Continue reading <span class=\"meta-nav\">&rarr;<\/span><\/a><\/p>\n","protected":false},"author":2,"featured_media":0,"parent":657,"menu_order":20,"comment_status":"closed","ping_status":"closed","template":"","meta":{"footnotes":""},"class_list":["post-658","page","type-page","status-publish","hentry"],"_links":{"self":[{"href":"https:\/\/muc2013.mensch-und-computer.de\/en\/wp-json\/wp\/v2\/pages\/658","targetHints":{"allow":["GET"]}}],"collection":[{"href":"https:\/\/muc2013.mensch-und-computer.de\/en\/wp-json\/wp\/v2\/pages"}],"about":[{"href":"https:\/\/muc2013.mensch-und-computer.de\/en\/wp-json\/wp\/v2\/types\/page"}],"author":[{"embeddable":true,"href":"https:\/\/muc2013.mensch-und-computer.de\/en\/wp-json\/wp\/v2\/users\/2"}],"replies":[{"embeddable":true,"href":"https:\/\/muc2013.mensch-und-computer.de\/en\/wp-json\/wp\/v2\/comments?post=658"}],"version-history":[{"count":0,"href":"https:\/\/muc2013.mensch-und-computer.de\/en\/wp-json\/wp\/v2\/pages\/658\/revisions"}],"up":[{"embeddable":true,"href":"https:\/\/muc2013.mensch-und-computer.de\/en\/wp-json\/wp\/v2\/pages\/657"}],"wp:attachment":[{"href":"https:\/\/muc2013.mensch-und-computer.de\/en\/wp-json\/wp\/v2\/media?parent=658"}],"curies":[{"name":"wp","href":"https:\/\/api.w.org\/{rel}","templated":true}]}}