{"id":651,"date":"2013-04-05T08:47:05","date_gmt":"2013-04-05T08:47:05","guid":{"rendered":"http:\/\/www.brosig-koch.de\/?page_id=651"},"modified":"2013-04-05T08:47:05","modified_gmt":"2013-04-05T08:47:05","slug":"anreise","status":"publish","type":"page","link":"https:\/\/muc2013.mensch-und-computer.de\/en\/delfi\/konferenzort\/anreise\/","title":{"rendered":"Anreise"},"content":{"rendered":"<p><\/p>\n<h2>Mit dem Auto<\/h2>\n<p><strong>Von M\u00fcnster (170 km)<\/strong><br \/>\nA1 Richtung Osnabr\u00fcck. Beim Dreieck Stuhr auf die A28 Richtung Bremen\/Flughafen, anschlie\u00dfend beim Dreieck Delmenhorst auf die B75 Richtung Bremen\/Delmenhorst wechseln. Der Stra\u00dfe folgen; am Ende auf die A27 Richtung Hannover wechseln. Abfahrt bei Bremen\/Horn-Lehe Richtung Universit\u00e4t. Dem Autobahnzubringer Universit\u00e4t folgen bis zur Universit\u00e4tsallee. Dort rechts abbiegen und anschlie\u00dfend in die &#8220;Enrique-Schmidt-Stra\u00dfe&#8221; rechts einbiegen.<\/p>\n<p><strong>Von Hannover (120 km)<\/strong><br \/>\nA7 Richtung Hamburg. Beim Dreieck Walsrode auf die A27 Richtung Bremen wechseln. Abfahrt bei Bremen\/Horn-Lehe Richtung Universit\u00e4t. Dem Autobahnzubringer Universit\u00e4t folgen bis zur Universit\u00e4tsallee. Dort rechts abbiegen und anschlie\u00dfend in die &#8220;Enrique-Schmidt-Stra\u00dfe&#8221; rechts einbiegen.<\/p>\n<p><strong>Von Hamburg (110 km)<\/strong><br \/>\nA1 Richtung Bremen. Beim Bremer Kreuz auf die A27 Richtung Cuxhaven wechseln. Abfahrt bei Bremen\/Horn-Lehe Richtung Universit\u00e4t. Dem Autobahnzubringer Universit\u00e4t folgen bis zur Universit\u00e4tsallee. Dort rechts abbiegen und anschlie\u00dfend in die &#8220;Enrique-Schmidt-Stra\u00dfe&#8221; rechts einbiegen.<\/p>\n<p><strong>Parkm\u00f6glichkeiten<\/strong><br \/>\nParkm\u00f6glichkeiten direkt an den Tagungsgeb\u00e4uden MZH und GW2. [<a href=\"http:\/\/www.uni-bremen.de\/universitaet\/die-uni-im-ueberblick\/lageplan.html\" target=\"_blank\">Campusmap<\/a>]\nEin gro\u00dfer Parkplatz befindet sich am Anfang der &#8220;Enrique-Schmidt-Stra\u00dfe&#8221; auf der linken Seite vor dem MZH-Geb\u00e4ude (Parkgeb\u00fchren: 70ct pro Tag, Bezahlung am Automaten vor dem Verlassen des Parkplatzes, Automat gibt Wechselgeld). Ein Parkhaus befindet sich am Ende der &#8220;Enrique-Schmidt-Stra\u00dfe&#8221; direkt unter dem GW2 Geb\u00e4ude. (Parkgeb\u00fchren: 1,40\u20ac pro Tag, Bezahlung bei Einfahrt am Automaten, kein Wechselgeld).<\/p>\n<h2>Mit der Bahn<\/h2>\n<p>Zielort Bremen Hauptbahnhof. Von dort mit der Linie 6 Richtung Universit\u00e4t\/Zentralbereich.<\/p>\n<h2>Mit dem Flugzeug<\/h2>\n<p>Ab dem Bremer Flughafen direkt mit der Linie 6 Richtung Universit\u00e4t\/Zentralbereich.<\/p>\n<h2>Infos zu Bussen und Stra\u00dfenbahnen<\/h2>\n<p>Tickets f\u00fcr den \u00f6ffentlichen Nahverkehr erhalten Sie in den Stra\u00dfenbahnen und Bussen der BSAG am Fahrscheinautomaten (Automat gibt Wechselgeld). Zus\u00e4tzlich k\u00f6nnen Tickets in den Kundencentern der BSAG (Hauptbahnhof oder Haltestelle Domsheide) und bei diversen Vertriebsstellen (z.B. Zeitungsl\u00e4den, wie an der Haltestelle Universit\u00e4t Zentralbereich) erworben werden. Dort erhalten Sie auch die g\u00fcnstigen 4er und 10er Tickets. In Bremen (ohne Bremen-Nord) gilt die Preisstufe I:<\/p>\n<p>Einzelticket: 2,40 Euro<br \/>\n4er Ticket: 8,40 Euro (nicht im Fahrzeug erh\u00e4ltlich)<br \/>\n10er Ticket: 21,00 Euro (nicht im Fahrzeug erh\u00e4ltlich)<br \/>\nTagesticket (ein Erwachsener): 6,80 Euro<br \/>\nTagesticket Plus (zwei Erwachsene): 8,50 Euro<br \/>\n<a href=\"http:\/\/www.bsag.de\/4623.php\" target=\"_blank\">Weitere Infos zu den Ticketpreisen<\/a><\/p>","protected":false},"excerpt":{"rendered":"<p>Mit dem Auto Von M\u00fcnster (170 km) A1 Richtung Osnabr\u00fcck. Beim Dreieck Stuhr auf die A28 Richtung Bremen\/Flughafen, anschlie\u00dfend beim Dreieck Delmenhorst auf die B75 Richtung Bremen\/Delmenhorst wechseln. Der Stra\u00dfe folgen; am Ende auf die A27 Richtung Hannover wechseln. Abfahrt &hellip; <a href=\"https:\/\/muc2013.mensch-und-computer.de\/en\/delfi\/konferenzort\/anreise\/\">Continue reading <span class=\"meta-nav\">&rarr;<\/span><\/a><\/p>\n","protected":false},"author":2,"featured_media":0,"parent":649,"menu_order":0,"comment_status":"closed","ping_status":"closed","template":"","meta":{"footnotes":""},"class_list":["post-651","page","type-page","status-publish","hentry"],"_links":{"self":[{"href":"https:\/\/muc2013.mensch-und-computer.de\/en\/wp-json\/wp\/v2\/pages\/651","targetHints":{"allow":["GET"]}}],"collection":[{"href":"https:\/\/muc2013.mensch-und-computer.de\/en\/wp-json\/wp\/v2\/pages"}],"about":[{"href":"https:\/\/muc2013.mensch-und-computer.de\/en\/wp-json\/wp\/v2\/types\/page"}],"author":[{"embeddable":true,"href":"https:\/\/muc2013.mensch-und-computer.de\/en\/wp-json\/wp\/v2\/users\/2"}],"replies":[{"embeddable":true,"href":"https:\/\/muc2013.mensch-und-computer.de\/en\/wp-json\/wp\/v2\/comments?post=651"}],"version-history":[{"count":0,"href":"https:\/\/muc2013.mensch-und-computer.de\/en\/wp-json\/wp\/v2\/pages\/651\/revisions"}],"up":[{"embeddable":true,"href":"https:\/\/muc2013.mensch-und-computer.de\/en\/wp-json\/wp\/v2\/pages\/649"}],"wp:attachment":[{"href":"https:\/\/muc2013.mensch-und-computer.de\/en\/wp-json\/wp\/v2\/media?parent=651"}],"curies":[{"name":"wp","href":"https:\/\/api.w.org\/{rel}","templated":true}]}}