{"id":650,"date":"2013-04-05T08:47:05","date_gmt":"2013-04-05T08:47:05","guid":{"rendered":"http:\/\/www.brosig-koch.de\/?page_id=650"},"modified":"2013-04-05T08:47:05","modified_gmt":"2013-04-05T08:47:05","slug":"konferenzhotels","status":"publish","type":"page","link":"https:\/\/muc2013.mensch-und-computer.de\/en\/delfi\/konferenzort\/konferenzhotels\/","title":{"rendered":"Konferenzhotels"},"content":{"rendered":"<p><br \/><small><a href=\"https:\/\/maps.google.de\/maps\/ms?msa=0&amp;msid=218436544104803951569.0004d90f115c5a96f3e27&amp;hl=de&amp;ie=UTF8&amp;t=m&amp;ll=53.085158,8.836784&amp;spn=0.072173,0.181961&amp;z=12&amp;source=embed\" style=\"color:#0000FF;text-align:left\">M+C 2013<\/a> auf einer gr\u00f6\u00dferen Karte anzeigen<\/small><\/p>\n<h3><strong>Hotelreservierung \u00fcber die Bremer Touristik-Zentrale:<\/strong><br \/>\n&#8211; English version below &#8211;<\/h3>\n<p>Sichern Sie sich schon jetzt Ihr Wunschhotel!<br \/>\nDas Kongressb\u00fcro der BTZ &#8211; Bremer Touristik-Zentrale h\u00e4lt f\u00fcr die Teilnehmer\u00a0der<br \/>\nKonferenz Mensch &amp; Computer &#8211; Usability Professionals \u2013 DeLFI 2013 Zimmerkontingente in verschiedenen Preiskategorien bereit.<br \/>\nBuchen Sie jetzt <a href=\"https:\/\/px.convent-registration.de\/cgi-bin\/regform.exe?company=3&amp;Event=B13-3025&amp;Language=0&amp;Entry=9\" target=\"_blank\">online<\/a> oder nutzen Sie das anliegende <a href=\"http:\/\/muc2013.mensch-und-computer.de\/wp-content\/uploads\/sites\/3\/2012\/11\/Hotelbuchungsformular_deutsch.pdf\" target=\"_blank\">Hotelbuchungsformular<\/a>.<\/p>\n<table id=\"hoteltable\" style=\"text-align:left;font-size:10px\">\n<tr style=\"background-color:#ddd\">\n<td><strong>HOTEL<\/strong><\/td>\n<td style=\"border-right: 0\"><img loading=\"lazy\" decoding=\"async\" src=\"http:\/\/muc2013.mensch-und-computer.de\/wp-content\/uploads\/sites\/3\/2012\/11\/bahn_symbol.png\" alt=\"bahn_symbol\" width=\"28\" height=\"28\" class=\"alignnone size-full wp-image-628\" \/><\/td>\n<td style=\"border-left: 0\"><img loading=\"lazy\" decoding=\"async\" src=\"http:\/\/muc2013.mensch-und-computer.de\/wp-content\/uploads\/sites\/3\/2012\/11\/fuss_symbol.png\" alt=\"fuss_symbol\" width=\"28\" height=\"28\" class=\"alignnone size-full wp-image-629\" \/><\/td>\n<td><strong>Einzel-<br \/>zimmer<\/strong><\/td>\n<td><strong>Doppel-<br \/>zimmer<\/strong><\/td>\n<\/tr>\n<tr>\n<td><strong>Hotel Deutsche Eiche***<\/strong><\/td>\n<td style=\"border-right: 0\">10 Min<\/td>\n<td style=\"border-left: 0\"><\/td>\n<td>68,00 Euro<\/td>\n<td>88,00 Euro<\/td>\n<\/tr>\n<tr>\n<td><strong>Star Inn Hotel Bremen Columbus***<\/strong><\/td>\n<td style=\"border-right: 0\">15 Min<\/td>\n<td style=\"border-left: 0\"><\/td>\n<td>78,00 Euro<\/td>\n<td>110,00 Euro<\/td>\n<\/tr>\n<tr>\n<td><strong>BEST WESTERN Hotel Schaper Siedenburg***<\/strong><\/td>\n<td style=\"border-right: 0\">20 Min<\/td>\n<td style=\"border-left: 0\"><\/td>\n<td>87,00 Euro<\/td>\n<td>114,00 Euro<\/td>\n<\/tr>\n<tr>\n<td><strong>7 Things<\/strong><\/td>\n<td style=\"border-right: 0\"><\/td>\n<td style=\"border-left: 0\">7 Min<\/td>\n<td>87,50 Euro<\/td>\n<td>&#8211; &#8211;<\/td>\n<\/tr>\n<tr>\n<td><strong>BEST WESTERN Hotel zur Post****<\/strong><\/td>\n<td style=\"border-right: 0\">17 Min<\/td>\n<td style=\"border-left: 0\"><\/td>\n<td>104,00 Euro<\/td>\n<td>127,00 Euro<\/td>\n<\/tr>\n<tr>\n<td><strong>InterCity Hotel Bremen***<\/strong><\/td>\n<td style=\"border-right: 0\">15 Min<\/td>\n<td style=\"border-left: 0\"><\/td>\n<td>105,00 Euro<\/td>\n<td>130,00 Euro<\/td>\n<\/tr>\n<tr>\n<td><strong>Ringhotel Munte am Stadtwald****<\/strong><\/td>\n<td style=\"border-right: 0\"><\/td>\n<td style=\"border-left: 0\">12 Min<\/td>\n<td>110, 00 Euro<\/td>\n<td>133,00 Euro<\/td>\n<\/tr>\n<tr>\n<td><strong>Maritim Hotel Bremen***<sup>s<\/sup><\/strong><\/td>\n<td style=\"border-right: 0\">20 Min<\/td>\n<td style=\"border-left: 0\"><\/td>\n<td>115,00 Euro<\/td>\n<td>150,00 Euro<\/td>\n<\/tr>\n<tr>\n<td><strong>Atlantic Hotel Universum****<\/strong><\/td>\n<td style=\"border-right: 0\"><\/td>\n<td style=\"border-left: 0\">8 Min<\/td>\n<td>126,21 Euro<\/td>\n<td>159,42 Euro<\/td>\n<\/tr>\n<tr>\n<td><strong>Courtyard by Marriott****<\/strong><\/td>\n<td style=\"border-right: 0\">15 Min<\/td>\n<td style=\"border-left: 0\"><\/td>\n<td>131,00 Euro<\/td>\n<td>150,00 Euro<\/td>\n<\/tr>\n<\/table>\n<p>Die Bezahlung der Zimmer erfolgt erst vor Ort im gebuchten Hotel.<\/p>\n<p>Eine garantiert kostenfreie Stornierung: bis <strong>24 Stunden<\/strong> vor Anreise (mit Ausnahme des Maritim Hotels und des Courtyard by Marriott). Danach gelten die individuellen Stornierungsbedingungen des jeweilig gebuchten Hotels.<\/p>\n<p>Haben Sie Fragen oder W\u00fcnsche? Rufen Sie uns an, wir sind gerne f\u00fcr Sie da.<\/p>\n<p>Beratung und Buchung \u2013 alles aus einer Hand<\/p>\n<p><strong>BTZ &#8211; Kongressb\u00fcro<\/strong><br \/>\nFrau Janina Klemeier<br \/>\nTel.: +49 (0)421 30800 72<br \/>\nFax: +49 (0)421 30800 89<br \/>\nE-Mail: <a href=\"mailto:klemeier@bremen-tourism.de\">klemeier(at)bremen-tourism.de<\/a><\/p>\n<h3><strong>Privathotels Bremen<\/strong><\/h3>\n<p>Die \u201e<a href=\"http:\/\/www.privathotelsbremen.de\/de\/hotel-bremen.html\" target=\"_blank\">Privathotels Bremen<\/a>\u201c bieten preiswerte Alternativen in privat gef\u00fchrten Hotels, Apartments und Pensionen mit pers\u00f6nlicher Note.<\/p>\n<h3><strong>Hostels und Jugenherberge<\/strong><\/h3>\n<p>F\u00fcr den kleinen Geldbeutel gibt es in Bremen eine Reihe von Low-Budget-Unterk\u00fcnften, wie das <a href=\"http:\/\/www.townside.de\/\" target=\"_blank\">Townside Hostel<\/a>, das <a href=\"http:\/\/www.southendhostel-bremen.de\/\" target=\"_blank\">Southend Hostel<\/a> und die <a href=\"http:\/\/www.jugendherberge.de\/Jugendherbergen\/Bremen578\/Portraet\" target=\"_blank\">Jugendherberge Bremen<\/a>.<\/p>\n<hr style=\"border:none;border-top:2px dotted;height:1px;color:#ccc;background:transparent\" \/>\n<h3><strong>Hotel reservation<\/strong><\/h3>\n<p>Arrange your hotel accommodation now!<\/p>\n<p>The BTZ Convention Bureau offers rooms in different price ranges to all participants of the conference Mensch &amp; Computer &#8211; Usability Professionals \u2013 DeLFI 2013<br \/>\nPlease make your reservation <a href=\"https:\/\/px.convent-registration.de\/cgi-bin\/regform.exe?company=3&amp;Event=B13-3025&amp;Language=1&amp;Entry=9\" target=\"_blank\">online<\/a> or complete the <a href=\"http:\/\/muc2013.mensch-und-computer.de\/wp-content\/uploads\/sites\/3\/2012\/11\/Hotelbuchungsformular_englisch.pdf\" target=\"_blank\">hotel booking form<\/a>.<\/p>\n<p>Payment has to be made directly to the booked hotel.<\/p>\n<p>The rooms are booked on definite basis. In the event of amendment, cancellation or no-show, a cancellation is free of charge until <strong>24 hours<\/strong> before arrival (except Maritim Hotel and Courtyard by Mariott). Afterward the relevant hotel&#8217;s cancellation terms shall apply.<\/p>\n<p>Do you have any questions or wishes? Do not hesitate to contact us!<\/p>\n<p>Consulting and Reservation \u2013 all in one service<\/p>\n<p><strong>BTZ &#8211; Convention Bureau<\/strong><br \/>\nMs Janina Klemeier<br \/>\nPhone: +49 (0)421 30 800 72<br \/>\nFax: +49 (0)421 30 800 89<br \/>\nE-Mail: <a href=\"mailto:klemeier@bremen-tourism.de\">klemeier(at)bremen-tourism.de<\/a><\/p>","protected":false},"excerpt":{"rendered":"<p>M+C 2013 auf einer gr\u00f6\u00dferen Karte anzeigen Hotelreservierung \u00fcber die Bremer Touristik-Zentrale: &#8211; English version below &#8211; Sichern Sie sich schon jetzt Ihr Wunschhotel! Das Kongressb\u00fcro der BTZ &#8211; Bremer Touristik-Zentrale h\u00e4lt f\u00fcr die Teilnehmer\u00a0der Konferenz Mensch &amp; Computer &#8211; &hellip; <a href=\"https:\/\/muc2013.mensch-und-computer.de\/en\/delfi\/konferenzort\/konferenzhotels\/\">Continue reading <span class=\"meta-nav\">&rarr;<\/span><\/a><\/p>\n","protected":false},"author":2,"featured_media":0,"parent":649,"menu_order":10,"comment_status":"closed","ping_status":"closed","template":"","meta":{"footnotes":""},"class_list":["post-650","page","type-page","status-publish","hentry"],"_links":{"self":[{"href":"https:\/\/muc2013.mensch-und-computer.de\/en\/wp-json\/wp\/v2\/pages\/650","targetHints":{"allow":["GET"]}}],"collection":[{"href":"https:\/\/muc2013.mensch-und-computer.de\/en\/wp-json\/wp\/v2\/pages"}],"about":[{"href":"https:\/\/muc2013.mensch-und-computer.de\/en\/wp-json\/wp\/v2\/types\/page"}],"author":[{"embeddable":true,"href":"https:\/\/muc2013.mensch-und-computer.de\/en\/wp-json\/wp\/v2\/users\/2"}],"replies":[{"embeddable":true,"href":"https:\/\/muc2013.mensch-und-computer.de\/en\/wp-json\/wp\/v2\/comments?post=650"}],"version-history":[{"count":0,"href":"https:\/\/muc2013.mensch-und-computer.de\/en\/wp-json\/wp\/v2\/pages\/650\/revisions"}],"up":[{"embeddable":true,"href":"https:\/\/muc2013.mensch-und-computer.de\/en\/wp-json\/wp\/v2\/pages\/649"}],"wp:attachment":[{"href":"https:\/\/muc2013.mensch-und-computer.de\/en\/wp-json\/wp\/v2\/media?parent=650"}],"curies":[{"name":"wp","href":"https:\/\/api.w.org\/{rel}","templated":true}]}}