{"id":580,"date":"2013-04-02T18:09:48","date_gmt":"2013-04-02T18:09:48","guid":{"rendered":"http:\/\/www.brosig-koch.de\/?page_id=580"},"modified":"2013-04-02T18:09:48","modified_gmt":"2013-04-02T18:09:48","slug":"keynotes-2","status":"publish","type":"page","link":"https:\/\/muc2013.mensch-und-computer.de\/en\/mensch-computer\/programm\/keynotes-2\/","title":{"rendered":"Keynote"},"content":{"rendered":"<p><\/p>\n<h2>Phoebe Sengers<br \/> (Cornell University) <img loading=\"lazy\" decoding=\"async\" src=\"http:\/\/muc2013.mensch-und-computer.de\/wp-content\/uploads\/sites\/3\/2013\/04\/sengers.gif\" alt=\"sengers\" width=\"200\" height=\"280\" style=\"float: right;margin: 10px\" \/><br \/>\n<small>From the mainstream to the center: Using niche perspectives to reframe designs<\/small><\/h2>\n<p><strong>Abstract:<\/strong><br \/>\nThe targets of IT design are frequently &#8220;typical users&#8221; &#8211; ordinary\u00a0individuals who we would expect to use our system. Framed this way,\u00a0system design often builds in particular conceptions of who is\u00a0&#8220;ordinary,&#8221; such as white-collar office workers or upwardly mobile,\u00a0urban 20-somethings. Such ideas of what it means to be &#8220;normal&#8221; can greatly constrain our design spaces and the interventions we can\u00a0imagine making as designers. In this talk, I will argue that\u00a0consideration of the values, perspectives, and experiences of people\u00a0outside of the technological mainstream can open up valuable new opportunities for design for everyone. I will describe how\u00a0understanding traditional Newfoundland villagers, Icelandic fishermen,\u00a0families focused on simple living, and Jamaican mobile phone adopters\u00a0leads to new ways of thinking about the potential role for technology\u00a0in &#8220;ordinary&#8221; users&#8217; lives.<\/p>\n<p>This talk describes joint work with Maria Hakansson, Hronn Holmer, and\u00a0Kaiton Williams.<\/p>\n<p><a href=\"http:\/\/www.cs.cornell.edu\/people\/sengers\/\" target=\"_blank\">http:\/\/www.cs.cornell.edu\/people\/sengers\/<\/a><\/p>\n<p><strong>Bio:<\/strong><br \/>\nPhoebe Sengers is an associate professor of Information Science and Science &amp; Technology Studies at Cornell University, where she runs the Culturally Embedded Computing Group. She uses insights from cultural analysis of IT to identify and rethink the assumptions underlying technologies, to build new applications for computing, and to develop new techniques for designing and evaluating technologies. She received her PhD in Artificial Intelligence &amp; Cultural Theory in 1998 from CMU, was a Fulbright Scholar at the Zentrum fuer Kunst und Medientechnologie in Karlsruhe, and was a postdoctoral researcher at<br \/>\nthe GMD. She was a recipient of best paper awards or nominations at CHI \u201907, \u201908, \u201909, \u201910, and \u201911. Sengers\u2019s research is supported by the Intel Science &amp; Technology Center for Social Computing and by the National Science Foundation.<\/p>\n<p><strong>Related publications:<\/strong><\/p>\n<ul>\n<li>Maria H\u00e5kansson and Phoebe Sengers. \u201cBeyond Being Green: Simple Living Families and ICT.\u201d In Proc. CHI 2013, April 2013<\/li>\n<li>Hr\u00f6nn Brynjarsd\u00f3ttir, Maria H\u00e5kansson, James Pierce, Eric Baumer, Carl DiSalvo, and Phoebe Sengers. \u201cSustainably Unpersuaded: How Persuasion Narrows Our Vision of Sustainability.\u201d In Proc. CHI 2012, April 2012.<\/li>\n<li>Phoebe Sengers. \u201cWhat I Learned on Change Islands: Reflections on IT and pace of life.\u201d interactions, 18, 2 (March 2011), 40-48<\/li>\n<li>Carl DiSalvo, Phoebe Sengers, and Hr\u00f6nn Brynjarsd\u00f3ttir. \u201cMapping the Landscape of Sustainable HCI.\u201d In Proc. CHI 2010.<\/li>\n<li>Susan Wyche, Phoebe Sengers, and Rebecca E. Grinter. \u201cHistorical Analysis: Using the Past to Design the Future.\u201d In Proc. Ubiquitous Computing (Ubicomp) 2006, pp 35-51.<\/li>\n<li>Phoebe Sengers and Bill Gaver. \u201cStaying Open to Interpretation: Engaging Multiple Meanings in Design and Evaluation.\u201d In Proc. Designing Interactive Systems (DIS) 2006, pp. 99-108.<\/li>\n<li>Genevieve Bell, Mark Blythe, and Phoebe Sengers. \u201cMaking by Making Strange: Defamiliarization and the design of domestic technology.\u201d ACM Transactions on Computer-Human Interaction (TOCHI), Special issue on Social Issues and HCI, Vol. 12, No. 2, June 2005, Pages 149-173.<\/li>\n<\/ul>\n<p><\/p>","protected":false},"excerpt":{"rendered":"<p>Phoebe Sengers (Cornell University) From the mainstream to the center: Using niche perspectives to reframe designs Abstract: The targets of IT design are frequently &#8220;typical users&#8221; &#8211; ordinary\u00a0individuals who we would expect to use our system. Framed this way,\u00a0system design &hellip; <a href=\"https:\/\/muc2013.mensch-und-computer.de\/en\/mensch-computer\/programm\/keynotes-2\/\">Continue reading <span class=\"meta-nav\">&rarr;<\/span><\/a><\/p>\n","protected":false},"author":2,"featured_media":0,"parent":67,"menu_order":5,"comment_status":"closed","ping_status":"closed","template":"","meta":{"footnotes":""},"class_list":["post-580","page","type-page","status-publish","hentry"],"_links":{"self":[{"href":"https:\/\/muc2013.mensch-und-computer.de\/en\/wp-json\/wp\/v2\/pages\/580","targetHints":{"allow":["GET"]}}],"collection":[{"href":"https:\/\/muc2013.mensch-und-computer.de\/en\/wp-json\/wp\/v2\/pages"}],"about":[{"href":"https:\/\/muc2013.mensch-und-computer.de\/en\/wp-json\/wp\/v2\/types\/page"}],"author":[{"embeddable":true,"href":"https:\/\/muc2013.mensch-und-computer.de\/en\/wp-json\/wp\/v2\/users\/2"}],"replies":[{"embeddable":true,"href":"https:\/\/muc2013.mensch-und-computer.de\/en\/wp-json\/wp\/v2\/comments?post=580"}],"version-history":[{"count":0,"href":"https:\/\/muc2013.mensch-und-computer.de\/en\/wp-json\/wp\/v2\/pages\/580\/revisions"}],"up":[{"embeddable":true,"href":"https:\/\/muc2013.mensch-und-computer.de\/en\/wp-json\/wp\/v2\/pages\/67"}],"wp:attachment":[{"href":"https:\/\/muc2013.mensch-und-computer.de\/en\/wp-json\/wp\/v2\/media?parent=580"}],"curies":[{"name":"wp","href":"https:\/\/api.w.org\/{rel}","templated":true}]}}