{"id":53,"date":"2012-11-29T18:36:25","date_gmt":"2012-11-29T18:36:25","guid":{"rendered":"http:\/\/www.brosig-koch.de\/wordpress\/?page_id=53"},"modified":"2012-11-29T18:36:25","modified_gmt":"2012-11-29T18:36:25","slug":"themenschwerpunkt","status":"publish","type":"page","link":"https:\/\/muc2013.mensch-und-computer.de\/en\/mensch-computer\/themenschwerpunkt\/","title":{"rendered":"Themenschwerpunkt"},"content":{"rendered":"<p>Bei der Fachtagung \u201eMensch &amp; Computer 2013\u201c in Bremen treffen sich Forschende, Studierende, Praktikerinnen und Praktiker, um \u00fcber neueste Forschungsergebnisse zu diskutieren, Erfahrungen auszutauschen\u00a0und neue Produkte und Methoden kennen zu lernen. Im Mittelpunkt steht das Interaktionsdesign von IT und Digitalen Medien f\u00fcr die Vielfalt der Anwendungsbereiche und Nut- zungskontexte sowie die Diversit\u00e4t der Nutzerinnen und Nutzer. Wir laden Sie herzlich zur \u201eMensch &amp; Computer 2013\u201c vom 8. bis 11. September nach Bremen ein. Tragen Sie zum Austausch und zur Weiterentwicklung unserer lebendigen und vielgestaltigen Community bei!<\/p>\n<h2>Die Themenschwerpunkte der Mensch und Computer 2013<\/h2>\n<p><strong>Vielfalt der Methoden<\/strong><\/p>\n<ul>\n<li>Mensch-zentriertes Design<\/li>\n<li>Anforderungsanalyse<\/li>\n<li>Evaluationsverfahren<\/li>\n<li>User Experience Design<\/li>\n<li>Design for All<\/li>\n<li>Reflective Design<\/li>\n<li>Value-sensitive Design<\/li>\n<li>Gender und Diversity im Design<\/li>\n<li>Prototyping, Interaktionsmodellierung<\/li>\n<li>Agile Entwicklung und Usability<\/li>\n<\/ul>\n<p><strong>Vielfalt der Interaktionstechniken<\/strong><\/p>\n<ul>\n<li>Embodied Interaction<\/li>\n<li>Touch und Gestik<\/li>\n<li>Be-greifbare Interaktion, Tangible Interaction<\/li>\n<li>Interaktive Visualisierungen<\/li>\n<li>Sprachbasierte und multimodale Schnittstellen<\/li>\n<li>Kontextadaptive und intelligente User Interfaces<\/li>\n<li>Web 2.0 und Semantic Web<\/li>\n<li>Interaktion mit eingebetteten und ambienten Systemen<\/li>\n<li>Virtuelle, gemischte und erweiterte Realit\u00e4ten<\/li>\n<li>Virtuelle Charaktere und Avatare<\/li>\n<li>Brain-Computer Interfaces<\/li>\n<\/ul>\n<p><strong>Vielfalt der Menschen, Kontexte und Anwendungen<\/strong><\/p>\n<ul>\n<li>Interaktive Medien in Kunst und Kultur<\/li>\n<li>E-Commerce und Marketing<\/li>\n<li>Anwendungen in Produktion und Verwaltung<\/li>\n<li>e-Government, e-Health<\/li>\n<li>Sicherheitskritische Systeme<\/li>\n<li>Kooperative Systeme und Kooperationsplattformen<\/li>\n<li>Unterhaltung und Computerspiele<\/li>\n<li>Entertainment Interfaces<\/li>\n<li>Interaktives Fernsehen<\/li>\n<li>Ethik der interaktiven und vernetzten Systeme<\/li>\n<li>Soziale Netzwerke, Filterbubble-Effekte<\/li>\n<li>Multiple Identit\u00e4ten und Schutz der Privatsph\u00e4re<\/li>\n<li>Ambient Assisted Living<\/li>\n<li>Mobile und ubiquit\u00e4re Interaktion<\/li>\n<li>Intelligente H\u00e4user und Haushaltstechnik<\/li>\n<li>Serious Games, Human Computation<\/li>\n<li>Do It Yourself: Makers, Hackerspaces and Fablabs<\/li>\n<\/ul>\n<p>Die Abgabe von Beitr\u00e4gen erfolgt ausschlie\u00dflich in elektronischer Form \u00fcber das <a href=\"https:\/\/www.conftool.com\/mc2013\/\" target=\"_blank\">Konferenzmanagement-System<\/a>: Melden Sie sich dazu bitte als neuer Benutzer an oder verwenden Sie Ihren bestehenden Account.<\/p>","protected":false},"excerpt":{"rendered":"<p>Bei der Fachtagung \u201eMensch &amp; Computer 2013\u201c in Bremen treffen sich Forschende, Studierende, Praktikerinnen und Praktiker, um \u00fcber neueste Forschungsergebnisse zu diskutieren, Erfahrungen auszutauschen\u00a0und neue Produkte und Methoden kennen zu lernen. Im Mittelpunkt steht das Interaktionsdesign von IT und Digitalen &hellip; <a href=\"https:\/\/muc2013.mensch-und-computer.de\/en\/mensch-computer\/themenschwerpunkt\/\">Continue reading <span class=\"meta-nav\">&rarr;<\/span><\/a><\/p>\n","protected":false},"author":2,"featured_media":0,"parent":6,"menu_order":1,"comment_status":"closed","ping_status":"closed","template":"","meta":{"footnotes":""},"class_list":["post-53","page","type-page","status-publish","hentry"],"_links":{"self":[{"href":"https:\/\/muc2013.mensch-und-computer.de\/en\/wp-json\/wp\/v2\/pages\/53","targetHints":{"allow":["GET"]}}],"collection":[{"href":"https:\/\/muc2013.mensch-und-computer.de\/en\/wp-json\/wp\/v2\/pages"}],"about":[{"href":"https:\/\/muc2013.mensch-und-computer.de\/en\/wp-json\/wp\/v2\/types\/page"}],"author":[{"embeddable":true,"href":"https:\/\/muc2013.mensch-und-computer.de\/en\/wp-json\/wp\/v2\/users\/2"}],"replies":[{"embeddable":true,"href":"https:\/\/muc2013.mensch-und-computer.de\/en\/wp-json\/wp\/v2\/comments?post=53"}],"version-history":[{"count":0,"href":"https:\/\/muc2013.mensch-und-computer.de\/en\/wp-json\/wp\/v2\/pages\/53\/revisions"}],"up":[{"embeddable":true,"href":"https:\/\/muc2013.mensch-und-computer.de\/en\/wp-json\/wp\/v2\/pages\/6"}],"wp:attachment":[{"href":"https:\/\/muc2013.mensch-und-computer.de\/en\/wp-json\/wp\/v2\/media?parent=53"}],"curies":[{"name":"wp","href":"https:\/\/api.w.org\/{rel}","templated":true}]}}