{"id":380,"date":"2013-02-27T12:09:36","date_gmt":"2013-02-27T12:09:36","guid":{"rendered":"http:\/\/www.brosig-koch.de\/?page_id=380"},"modified":"2013-02-27T12:09:36","modified_gmt":"2013-02-27T12:09:36","slug":"anmeldung-gebuhren-2","status":"publish","type":"page","link":"https:\/\/muc2013.mensch-und-computer.de\/en\/mensch-computer\/anmeldung-gebuhren-2\/","title":{"rendered":"Anmeldung &amp; Geb\u00fchren"},"content":{"rendered":"<p><\/p>\n<p>Die Anmeldung zur Teilnahme an der Mensch und Computer 2013 in Bremen ist ab sofort m\u00f6glich: <a href=\"http:\/\/muc2013.mensch-und-computer.de\/mensch-computer\/konferenzmanagementsystem\/\" target=\"_blank\">Anmeldung<\/a><\/p>\n<table>\n<thead>\n<tr>\n<th>&nbsp;<\/th>\n<th>Fr\u00fchbucher<\/th>\n<th>Normalpreis<\/th>\n<\/tr>\n<tbody>\n<tr>\n<td>Nichtmitglieder<\/td>\n<td>390 &euro;<\/td>\n<td>470 &euro;<\/td>\n<\/tr>\n<tr>\n<td>Mitglieder GI und UPA<\/td>\n<td>290 &euro;<\/td>\n<td>370 &euro;<\/td>\n<\/tr>\n<tr>\n<td>Hochschulangeh\u00f6rige<\/td>\n<td>330 &euro;<\/td>\n<td>410 &euro;<\/td>\n<\/tr>\n<tr>\n<td>Studierende<\/td>\n<td>60 &euro;<\/td>\n<td>90 &euro;<\/td>\n<\/tr>\n<tr>\n<td>Studierende (indiv. Mitglieder GI und UPA)<\/td>\n<td>40 &euro;<\/td>\n<td>70 &euro;<\/td>\n<\/tr>\n<tr>\n<td>Tageskarte<\/td>\n<td>&#8211;<\/td>\n<td>150 &euro;<\/td>\n<\/tr>\n<tr>\n<td>Tageskarte Studierende<\/td>\n<td>&#8211;<\/td>\n<td>30 &euro;<\/td>\n<\/tr>\n<\/tbody>\n<\/table>\n<p><strong>Hinweise<\/strong><\/p>\n<ul>\n<li>Der Fr\u00fchbucherrabatt gilt bis zum  <del>15.07.2013<\/del> 22.07.2013. (Ausnahme: Teilnehmer der Kategorie Visionen, deren Beitrag angenommen wurde.)<\/li>\n<li>Die Online-Anmeldung ist bis zum 31.08.2013 m\u00f6glich. Danach sind Tickets nur noch vor Ort erh\u00e4ltlich. <\/li>\n<li>Studierende im Sinne der reduzierten Tagungsgeb\u00fchr sind solche ohne eine feste Anstellung, mit nur geringf\u00fcgiger Besch\u00e4ftigung oder vergleichbar niedrigem Stipendium.<\/li>\n<li>Die GI-Mitgliedschaft k\u00f6nnen Sie unter folgendem <a href=\"http:\/\/www.gi.de\/service\/wie-mitglied-werden.html\" target=\"_blank\">Link<\/a> beantragen.<\/li>\n<li>Bei Fragen wenden Sie sich bitte an Bj\u00f6rn Mellies <a href=\"mailto:bmellies@tzi.de\">bmellies@tzi.de<\/a> oder per Telefon 0421 \/ 218 644 11<\/li>\n<\/ul>\n<h1>Tagungsb\u00e4nde<\/h1>\n<p>Jeder Teilnehmer erh\u00e4lt zu Beginn der Tagung die gesamten Proceedings in elektronischer Form. Der Tagungs- und der Workshopband kann als Print-on-Demand zus\u00e4tzlich gedruckt bestellt werden.<br \/>\nDie Druckversionen der Proceedings k\u00f6nnen direkt \u00fcber den Oldenbourg Verlag erworben werden.<\/p>\n<h1>Abendveranstaltung<\/h1>\n<p>Die Abendveranstaltung ist ein fester Bestandteil der Tagung und kann somit bei der Anmeldung zur Tagung nicht abbestellt werden. Sie wird aus steuerrechtlichen Gr\u00fcnden auf der Rechnung getrennt aufgef\u00fchrt. Im Studierendentarif und beim Erwerb von Tageskarten ist die Teilnahme an der Abendveranstaltung nicht in den Konferenzgeb\u00fchren enthalten, kann jedoch bei der Anmeldung zus\u00e4tzlich erworben werden.<\/p>\n<h1>Teilnahme- und Zahlungsbedingungen<\/h1>\n<p>Die Anmeldung zur Teilnahme ist verbindlich. Sollten Sie Ihre Anmeldung bis 30 Tage vor Beginn der Veranstaltung annullieren, so werden 80 Prozent der Geb\u00fchren r\u00fcckerstattet. In allen anderen F\u00e4llen bleiben Ihre finanziellen Verpflichtungen vollumf\u00e4nglich bestehen.<\/p>\n<p>In Ausnahmef\u00e4llen k\u00f6nnen Sie eine Person bestimmen, die an Ihrer Stelle an der Konferenz teilnimmt. Sollten Sie von dieser M\u00f6glichkeit Gebrauch machen wollen, m\u00fcssen Sie uns dies brieflich oder per E-Mail mitteilen.<\/p>\n<p>Die Anmeldegeb\u00fchr wird sofort mit der Anmeldung f\u00e4llig und ist innerhalb 14 Tagen nach der Online-Anmeldung, aber nicht sp\u00e4ter als 7 Tage vor Beginn der Veranstaltung zu bezahlen. F\u00fcr Fr\u00fchbucher sollte dementsprechend die Zahlung bis sp\u00e4testens 14 Tage nach Ende des Fr\u00fchbucherzeitraums eingegangen sein. Ein Anspruch auf Teilnahme besteht erst nach Eingang des gesamten Teilnahmebetrages.<\/p>\n<p>\u00c4nderungen im Konferenz-Programm sind vorbehalten.<\/p>\n<p>Im Falle der Absage der Konferenz werden Ihre Zahlungen zur\u00fcckerstattet. Es bestehen keine weiteren Verpflichtungen des Organisators gegen\u00fcber dem Teilnehmer. Die Anmeldungen bleiben hingegen g\u00fcltig, falls die Veranstaltung verschoben werden muss.<\/p>","protected":false},"excerpt":{"rendered":"<p>Die Anmeldung zur Teilnahme an der Mensch und Computer 2013 in Bremen ist ab sofort m\u00f6glich: Anmeldung &nbsp; Fr\u00fchbucher Normalpreis Nichtmitglieder 390 &euro; 470 &euro; Mitglieder GI und UPA 290 &euro; 370 &euro; Hochschulangeh\u00f6rige 330 &euro; 410 &euro; Studierende 60 &hellip; <a href=\"https:\/\/muc2013.mensch-und-computer.de\/en\/mensch-computer\/anmeldung-gebuhren-2\/\">Continue reading <span class=\"meta-nav\">&rarr;<\/span><\/a><\/p>\n","protected":false},"author":2,"featured_media":0,"parent":6,"menu_order":16,"comment_status":"closed","ping_status":"closed","template":"","meta":{"footnotes":""},"class_list":["post-380","page","type-page","status-publish","hentry"],"_links":{"self":[{"href":"https:\/\/muc2013.mensch-und-computer.de\/en\/wp-json\/wp\/v2\/pages\/380","targetHints":{"allow":["GET"]}}],"collection":[{"href":"https:\/\/muc2013.mensch-und-computer.de\/en\/wp-json\/wp\/v2\/pages"}],"about":[{"href":"https:\/\/muc2013.mensch-und-computer.de\/en\/wp-json\/wp\/v2\/types\/page"}],"author":[{"embeddable":true,"href":"https:\/\/muc2013.mensch-und-computer.de\/en\/wp-json\/wp\/v2\/users\/2"}],"replies":[{"embeddable":true,"href":"https:\/\/muc2013.mensch-und-computer.de\/en\/wp-json\/wp\/v2\/comments?post=380"}],"version-history":[{"count":0,"href":"https:\/\/muc2013.mensch-und-computer.de\/en\/wp-json\/wp\/v2\/pages\/380\/revisions"}],"up":[{"embeddable":true,"href":"https:\/\/muc2013.mensch-und-computer.de\/en\/wp-json\/wp\/v2\/pages\/6"}],"wp:attachment":[{"href":"https:\/\/muc2013.mensch-und-computer.de\/en\/wp-json\/wp\/v2\/media?parent=380"}],"curies":[{"name":"wp","href":"https:\/\/api.w.org\/{rel}","templated":true}]}}