{"id":300,"date":"2012-12-18T15:51:21","date_gmt":"2012-12-18T15:51:21","guid":{"rendered":"http:\/\/www.brosig-koch.de\/wordpress\/?page_id=300"},"modified":"2012-12-18T15:51:21","modified_gmt":"2012-12-18T15:51:21","slug":"termine","status":"publish","type":"page","link":"https:\/\/muc2013.mensch-und-computer.de\/en\/delfi\/termine\/","title":{"rendered":"Termine"},"content":{"rendered":"<p><del datetime=\"2013-02-22T12:04:26+00:00\">19.02.13 Einreichung von Workshop-Vorschl\u00e4gen<\/del><br \/>\n<del> 17.03.13 Einreichung von Abstracts zu Beitr\u00e4gen, Demos, Postern<\/del><br \/>\n<del>01.04.13 Einreichung der vollst\u00e4ndigen Fassung f\u00fcr Beitr\u00e4ge, Demos, Poster<\/del><br \/>\n<del>23.05.13 Entscheidung \u00fcber die Annahme<\/del><br \/>\n01.07.13 Einreichung der druckfertigen Endfassungen<\/p>","protected":false},"excerpt":{"rendered":"<p>19.02.13 Einreichung von Workshop-Vorschl\u00e4gen 17.03.13 Einreichung von Abstracts zu Beitr\u00e4gen, Demos, Postern 01.04.13 Einreichung der vollst\u00e4ndigen Fassung f\u00fcr Beitr\u00e4ge, Demos, Poster 23.05.13 Entscheidung \u00fcber die Annahme 01.07.13 Einreichung der druckfertigen Endfassungen<\/p>\n","protected":false},"author":2,"featured_media":0,"parent":108,"menu_order":13,"comment_status":"closed","ping_status":"closed","template":"","meta":{"footnotes":""},"class_list":["post-300","page","type-page","status-publish","hentry"],"_links":{"self":[{"href":"https:\/\/muc2013.mensch-und-computer.de\/en\/wp-json\/wp\/v2\/pages\/300","targetHints":{"allow":["GET"]}}],"collection":[{"href":"https:\/\/muc2013.mensch-und-computer.de\/en\/wp-json\/wp\/v2\/pages"}],"about":[{"href":"https:\/\/muc2013.mensch-und-computer.de\/en\/wp-json\/wp\/v2\/types\/page"}],"author":[{"embeddable":true,"href":"https:\/\/muc2013.mensch-und-computer.de\/en\/wp-json\/wp\/v2\/users\/2"}],"replies":[{"embeddable":true,"href":"https:\/\/muc2013.mensch-und-computer.de\/en\/wp-json\/wp\/v2\/comments?post=300"}],"version-history":[{"count":0,"href":"https:\/\/muc2013.mensch-und-computer.de\/en\/wp-json\/wp\/v2\/pages\/300\/revisions"}],"up":[{"embeddable":true,"href":"https:\/\/muc2013.mensch-und-computer.de\/en\/wp-json\/wp\/v2\/pages\/108"}],"wp:attachment":[{"href":"https:\/\/muc2013.mensch-und-computer.de\/en\/wp-json\/wp\/v2\/media?parent=300"}],"curies":[{"name":"wp","href":"https:\/\/api.w.org\/{rel}","templated":true}]}}