{"id":267,"date":"2012-12-18T11:43:30","date_gmt":"2012-12-18T11:43:30","guid":{"rendered":"http:\/\/www.brosig-koch.de\/wordpress\/?page_id=267"},"modified":"2012-12-18T11:43:30","modified_gmt":"2012-12-18T11:43:30","slug":"termine","status":"publish","type":"page","link":"https:\/\/muc2013.mensch-und-computer.de\/en\/mensch-computer\/termine\/","title":{"rendered":"Termine"},"content":{"rendered":"<p><\/p>\n<table id=\"calltable\" style=\"text-align:center;font-size:10px\">\n<tr style=\"background-color:#d6e9ff\">\n<td>Termine<\/td>\n<td>Lang\/<br \/>Kurzbeitr\u00e4ge<\/td>\n<td>Inter &#124; aktion<br \/>Demo-<br \/>Kurzbeitr\u00e4ge<\/td>\n<td>Tutorien<\/td>\n<td>Visionen<\/td>\n<td>Doktorandenseminar<\/td>\n<\/tr>\n<tr>\n<td style=\"background-color:#ddd\"><strike>17. M\u00e4rz 2013<\/strike><br \/><strike>1. April 2013<\/strike><\/td>\n<td>Einreichung<\/td>\n<td><\/td>\n<td><\/td>\n<td><\/td>\n<td><\/td>\n<\/tr>\n<tr>\n<td style=\"background-color:#ddd\"><strike>12. Mai 2013<\/strike><br \/><strike>26. Mai 2013<\/strike><\/td>\n<td><\/td>\n<td>Einreichung<\/td>\n<td><\/td>\n<td><\/td>\n<td><\/td>\n<\/tr>\n<tr>\n<td style=\"background-color:#ddd\"><strike>31. Mai 2013<\/strike><\/td>\n<td>Benachrichtigung<\/td>\n<td><\/td>\n<td><\/td>\n<td><\/td>\n<td><\/td>\n<\/tr>\n<tr>\n<td style=\"background-color:#ddd\"><strike>1. Juni 2013<\/strike><\/td>\n<td><\/td>\n<td><\/td>\n<td><\/td>\n<td><\/td>\n<td><\/td>\n<\/tr>\n<tr>\n<td style=\"background-color:#ddd\">16. Juni 2013<\/td>\n<td><\/td>\n<td><\/td>\n<td>Einreichung<\/td>\n<td><\/td>\n<td><\/td>\n<\/tr>\n<tr>\n<td style=\"background-color:#ddd\">25. Juni 2013<\/td>\n<td><\/td>\n<td><\/td>\n<td><\/td>\n<td><\/td>\n<td>Einreichung<\/td>\n<\/tr>\n<tr>\n<td style=\"background-color:#ddd\">26. Juni 2013<\/td>\n<td><\/td>\n<td><\/td>\n<td><\/td>\n<td><\/td>\n<td><\/td>\n<\/tr>\n<tr>\n<td style=\"background-color:#ddd\">30. Juni 2013<\/td>\n<td>Camera-Ready<br \/>Copy<\/td>\n<td><\/td>\n<td><\/td>\n<td><\/td>\n<td><\/td>\n<\/tr>\n<tr>\n<td style=\"background-color:#ddd\">10. Juli 2013<\/td>\n<td><\/td>\n<td>Camera-Ready<br \/>Copy<\/td>\n<td><\/td>\n<td><\/td>\n<td><\/td>\n<\/tr>\n<tr>\n<td style=\"background-color:#ddd\">15. Juli 2013<\/td>\n<td><\/td>\n<td><\/td>\n<td><\/td>\n<td>Einreichung<\/td>\n<td><\/td>\n<\/tr>\n<\/table>\n<p>Die Einreichungstermine f\u00fcr Beitr\u00e4ge zu den M&amp;C-Workshops werden von den Workshop-Organisatoren festgelegt.<\/p>\n<p>Die Abgabe von Beitr\u00e4gen erfolgt ausschlie\u00dflich in elektronischer Form \u00fcber das <a href=\"https:\/\/www.conftool.com\/mc2013\/\" target=\"_blank\">Konferenzmanagement-System<\/a>: Melden Sie sich dazu bitte als neuer Benutzer an oder verwenden Sie Ihren bestehenden Account.<\/p>","protected":false},"excerpt":{"rendered":"<p>Termine Lang\/Kurzbeitr\u00e4ge Inter &#124; aktionDemo-Kurzbeitr\u00e4ge Tutorien Visionen Doktorandenseminar 17. M\u00e4rz 20131. April 2013 Einreichung 12. Mai 201326. Mai 2013 Einreichung 31. Mai 2013 Benachrichtigung 1. Juni 2013 16. Juni 2013 Einreichung 25. Juni 2013 Einreichung 26. Juni 2013 30. Juni &hellip; <a href=\"https:\/\/muc2013.mensch-und-computer.de\/en\/mensch-computer\/termine\/\">Continue reading <span class=\"meta-nav\">&rarr;<\/span><\/a><\/p>\n","protected":false},"author":2,"featured_media":0,"parent":6,"menu_order":75,"comment_status":"closed","ping_status":"closed","template":"","meta":{"footnotes":""},"class_list":["post-267","page","type-page","status-publish","hentry"],"_links":{"self":[{"href":"https:\/\/muc2013.mensch-und-computer.de\/en\/wp-json\/wp\/v2\/pages\/267","targetHints":{"allow":["GET"]}}],"collection":[{"href":"https:\/\/muc2013.mensch-und-computer.de\/en\/wp-json\/wp\/v2\/pages"}],"about":[{"href":"https:\/\/muc2013.mensch-und-computer.de\/en\/wp-json\/wp\/v2\/types\/page"}],"author":[{"embeddable":true,"href":"https:\/\/muc2013.mensch-und-computer.de\/en\/wp-json\/wp\/v2\/users\/2"}],"replies":[{"embeddable":true,"href":"https:\/\/muc2013.mensch-und-computer.de\/en\/wp-json\/wp\/v2\/comments?post=267"}],"version-history":[{"count":0,"href":"https:\/\/muc2013.mensch-und-computer.de\/en\/wp-json\/wp\/v2\/pages\/267\/revisions"}],"up":[{"embeddable":true,"href":"https:\/\/muc2013.mensch-und-computer.de\/en\/wp-json\/wp\/v2\/pages\/6"}],"wp:attachment":[{"href":"https:\/\/muc2013.mensch-und-computer.de\/en\/wp-json\/wp\/v2\/media?parent=267"}],"curies":[{"name":"wp","href":"https:\/\/api.w.org\/{rel}","templated":true}]}}