{"id":23,"date":"2012-11-29T14:48:38","date_gmt":"2012-11-29T14:48:38","guid":{"rendered":"http:\/\/www.brosig-koch.de\/wordpress\/?page_id=23"},"modified":"2012-11-29T14:48:38","modified_gmt":"2012-11-29T14:48:38","slug":"konferenzort","status":"publish","type":"page","link":"https:\/\/muc2013.mensch-und-computer.de\/en\/mensch-computer\/konferenzort\/","title":{"rendered":"Konferenzort"},"content":{"rendered":"<p><img loading=\"lazy\" decoding=\"async\" src=\"http:\/\/muc2013.mensch-und-computer.de\/wp-content\/uploads\/sites\/3\/2012\/11\/Stadtmusikanten-224x300.jpg\" alt=\"Stadtmusikanten\" width=\"224\" height=\"300\" style=\"float:right;margin: 8px\" \/><\/p>\n<p>Die Stadt Bremen ist mit \u00fcber 540.000 Einwohnern die zweitgr\u00f6\u00dfte Stadt in Norddeutschland und strahlt trotz ihrer Gr\u00f6\u00dfe ein behagliches hanseatisches Flair aus.<br \/>\nSchon vor 1200 Jahren war der historische Stadtkern f\u00fcr Seefahrer und und Handelsleute das Tor zur weiten Welt, die \u00fcber die Weser an die Nordsee gelangten. Auch heute ist das maritime Ambiente von damals sp\u00fcrbar, allerdings begleitet von moderner Logistik, hochentwickelter Technologie, Raumfahrtindustrie und mehreren wissenschaftlichen Institutionen.<\/p>\n<p>Die hanseatische Gastlichkeit ist besonders in den vielen traditionsreichen Hotels, Gasth\u00e4usern und Restaurants sp\u00fcrbar, die ihre Besucher mit Bremer Spezialit\u00e4ten verw\u00f6hnen.<\/p>\n<p><img decoding=\"async\" src=\"http:\/\/muc2013.mensch-und-computer.de\/wp-content\/uploads\/sites\/3\/2012\/11\/Schiff.jpg\" width=\"380\" alt=\"Schiff\" class=\"alignnone size-medium wp-image-509\" \/><\/p>\n<p>Bremen hat als Universit\u00e4tsstadt einen sehr lebendigen Charakter, der besonders beim Bummeln in den traditionsreichen Gesch\u00e4ften am Marktplatz oder im Szeneviertel \u201eDas Viertel\u201c mit zahlreichen Boutiquen, Caf\u00e9s und Bars deutlich wird. <\/p>\n<p><img decoding=\"async\" src=\"http:\/\/muc2013.mensch-und-computer.de\/wp-content\/uploads\/sites\/3\/2012\/11\/Schnoor.jpg\" width=\"380\" alt=\"Schnoor\" class=\"alignnone size-medium wp-image-509\" \/><\/p>\n<p>Daneben laden die malerischen G\u00e4sschen des Schnoor-Viertels mit jahrhundertealten Fachwerkh\u00e4usern oder die einzigartige Uferpromenade \u201eSchlachte\u201c entlang der Weser zum Verweilen ein und bieten einen Einblick in die Stadtgeschichte.<\/p>\n<p><img decoding=\"async\" src=\"http:\/\/muc2013.mensch-und-computer.de\/wp-content\/uploads\/sites\/3\/2012\/11\/Freimarkt.jpg\" width=\"380\" alt=\"Freimarkt\" class=\"alignnone size-medium wp-image-509\" \/><\/p>\n<p>Mit der Bremer Musicalhalle, dem Konzerthaus \u201eGlocke\u201c, der Kunstgalerie, dem Bremer Freimarkt und unz\u00e4hligen weiteren Einrichtungen und Veranstaltungen lockt Bremen jedes Jahr viele Liebhaber von Kunst und Kultur in die Hansestadt. Nat\u00fcrlich darf ein Besuch der ber\u00fchmten Beck&#8217;s-Brauerei genauso wenig fehlen wie ein pers\u00f6nliches Treffen mit den Bremer Stadtmusikanten, die gegen\u00fcber vom Roland vor dem Dom die Besucher in Empfang nehmen.<\/p>\n<p><img decoding=\"async\" src=\"http:\/\/muc2013.mensch-und-computer.de\/wp-content\/uploads\/sites\/3\/2012\/11\/Schlachte.jpg\" width=\"380\" alt=\"Schlachte\" class=\"alignnone size-medium wp-image-509\" \/><\/p>\n<h3>Weiterf\u00fchrende Links<\/h3>\n<p><a href=\"http:\/\/muc2013.mensch-und-computer.de\/wp-content\/uploads\/sites\/3\/2012\/11\/stadtplan.pdf\" target=\"_blank\">Stadtplan Bremen<\/a><br \/>\n<a href=\"http:\/\/muc2013.mensch-und-computer.de\/wp-content\/uploads\/sites\/3\/2012\/11\/schlachte.pdf\" target=\"_blank\">Weserpromenade Schlachte<\/a><br \/>\n<a href=\"http:\/\/www.bsag.de\/Tagesnetz.pdf\" target=\"_blank\">\u00dcbersichtsplan Busse und Stra\u00dfenbahnen<\/a><br \/>\n<a href=\"http:\/\/www.bsag.de\/isolifp\/isoli_fahrplaene\/web\/uploads\/afp\/databsag_w12j\/afp_120003_1_6.pdf\" target=\"_blank\">Stra\u00dfenbahn Linie 6 (Flughafen &#8211; Hauptbahnhof &#8211; Universit\u00e4t)<\/a><br \/>\n<a href=\"http:\/\/www.bsag.de\/isolifp\/isoli_fahrplaene\/web\/uploads\/afp\/databsag_w12j\/afp_556904_2_6.pdf\" target=\"_blank\">Stra\u00dfenbahn Linie 6 (Universit\u00e4t &#8211; Hauptbahnhof &#8211; Flughafen)<\/a><\/p>","protected":false},"excerpt":{"rendered":"<p>Die Stadt Bremen ist mit \u00fcber 540.000 Einwohnern die zweitgr\u00f6\u00dfte Stadt in Norddeutschland und strahlt trotz ihrer Gr\u00f6\u00dfe ein behagliches hanseatisches Flair aus. Schon vor 1200 Jahren war der historische Stadtkern f\u00fcr Seefahrer und und Handelsleute das Tor zur weiten &hellip; <a href=\"https:\/\/muc2013.mensch-und-computer.de\/en\/mensch-computer\/konferenzort\/\">Continue reading <span class=\"meta-nav\">&rarr;<\/span><\/a><\/p>\n","protected":false},"author":2,"featured_media":0,"parent":6,"menu_order":40,"comment_status":"open","ping_status":"closed","template":"","meta":{"footnotes":""},"class_list":["post-23","page","type-page","status-publish","hentry"],"_links":{"self":[{"href":"https:\/\/muc2013.mensch-und-computer.de\/en\/wp-json\/wp\/v2\/pages\/23","targetHints":{"allow":["GET"]}}],"collection":[{"href":"https:\/\/muc2013.mensch-und-computer.de\/en\/wp-json\/wp\/v2\/pages"}],"about":[{"href":"https:\/\/muc2013.mensch-und-computer.de\/en\/wp-json\/wp\/v2\/types\/page"}],"author":[{"embeddable":true,"href":"https:\/\/muc2013.mensch-und-computer.de\/en\/wp-json\/wp\/v2\/users\/2"}],"replies":[{"embeddable":true,"href":"https:\/\/muc2013.mensch-und-computer.de\/en\/wp-json\/wp\/v2\/comments?post=23"}],"version-history":[{"count":0,"href":"https:\/\/muc2013.mensch-und-computer.de\/en\/wp-json\/wp\/v2\/pages\/23\/revisions"}],"up":[{"embeddable":true,"href":"https:\/\/muc2013.mensch-und-computer.de\/en\/wp-json\/wp\/v2\/pages\/6"}],"wp:attachment":[{"href":"https:\/\/muc2013.mensch-und-computer.de\/en\/wp-json\/wp\/v2\/media?parent=23"}],"curies":[{"name":"wp","href":"https:\/\/api.w.org\/{rel}","templated":true}]}}