{"id":228,"date":"2012-12-13T17:46:12","date_gmt":"2012-12-13T17:46:12","guid":{"rendered":"http:\/\/www.brosig-koch.de\/wordpress\/?page_id=228"},"modified":"2012-12-13T17:46:12","modified_gmt":"2012-12-13T17:46:12","slug":"programmkomitee","status":"publish","type":"page","link":"https:\/\/muc2013.mensch-und-computer.de\/en\/delfi\/programmkomitee\/","title":{"rendered":"Programmkomitee &amp; Chairs"},"content":{"rendered":"<p><\/p>\n<h2>PC-Chairs<\/h2>\n<p>Andreas Breiter, Institut f\u00fcr Informationsmanagement Bremen<br \/>\nChristoph Rensing, TU Darmstadt<\/p>\n<h2>PC-Mitglieder<\/h2>\n<p>Andrea Back, Uni St. Gallen<br \/>\nDoreen B\u00f6hnstedt, TU Darmstadt<br \/>\nTorsten Brinda, Universit\u00e4t Duisburg Essen<br \/>\nMohamed Amine Chatti, RWTH Aachen<br \/>\nUlrike Cress, IWM T\u00fcbingen<br \/>\nJ\u00f6rg Desel, FernUni Hagen<br \/>\nJens Drummer, SBI Dresden<br \/>\nWolfgang Effelsberg, Uni Mannheim<br \/>\nStefan G\u00f6bel, TU Darmstadt<br \/>\nJ\u00f6rg Haake, FernUni Hagen<br \/>\nAndreas Harrer, KU Eichst\u00e4tt-Ingolstadt<br \/>\nUlrich Hoppe, Uni Duisburg-Essen<br \/>\nChristoph Igel, CeLTech Saarbr\u00fccken<br \/>\nReinhard Keil, Uni Paderborn<br \/>\nMichael Kerres, Uni Duisburg-Essen<br \/>\nAndrea Kienle, FH Dortmund<br \/>\nRalf Klamma, RWTH Aachen<br \/>\nDennis Krannich, Universit\u00e4t Bremen<br \/>\nBernd Kr\u00e4mer, FernUni Hagen<br \/>\nUlrike Lucke, Uni Potsdam<br \/>\nJohannes Magenheim, Uni Paderborn<br \/>\nAlke Martens, PH Schw\u00e4bisch Gm\u00fcnd<br \/>\nAgathe Merceron, Beuth-Hochschule Berlin<br \/>\nWolfgang M\u00fcller, PH Weingarten<br \/>\nWolfgang Nejdl, Uni Hannover<br \/>\nNiels Pinkwart, TU Clausthal<br \/>\nRolf Pl\u00f6tzner, PH Freiburg<br \/>\nSabine Rathmayer, Fischer &amp; Partner<br \/>\nGabi Reinmann, Universit\u00e4t der Bundeswehr M\u00fcnchen<br \/>\nHolger Rohland, TU Dresden<br \/>\nGuido R\u00f6\u00dfling, TU Darmstadt<br \/>\nNikol Rummel, Ruhr Universit\u00e4t Bochum<br \/>\nUli Schell, FH Kaiserslautern<br \/>\nUlrik Schroeder, RWTH Aachen<br \/>\nSigrid Schubert, Uni Siegen<br \/>\nTill Sch\u00fcmmer, FernUni Hagen<br \/>\nAndreas Schwill, Uni Potsdam<br \/>\nChristian Spannagel, PH Heidelberg<br \/>\nMarcus Specht, CELSTEC<br \/>\nEmese Stauke, IFIB Bremen<br \/>\nStephan Trahasch, Hochschule Offenburg<br \/>\nMichael Weber, Uni Ulm<br \/>\nArmin Weinberger, Universit\u00e4t des Saarlandes<br \/>\nMartin Wessner, Fraunhofer IESE Kaiserslautern<br \/>\nKarsten Wolf, Uni Bremen<br \/>\nMartin Wolpers, Fraunhofer FIT<\/p>","protected":false},"excerpt":{"rendered":"<p>PC-Chairs Andreas Breiter, Institut f\u00fcr Informationsmanagement Bremen Christoph Rensing, TU Darmstadt PC-Mitglieder Andrea Back, Uni St. Gallen Doreen B\u00f6hnstedt, TU Darmstadt Torsten Brinda, Universit\u00e4t Duisburg Essen Mohamed Amine Chatti, RWTH Aachen Ulrike Cress, IWM T\u00fcbingen J\u00f6rg Desel, FernUni Hagen Jens &hellip; <a href=\"https:\/\/muc2013.mensch-und-computer.de\/en\/delfi\/programmkomitee\/\">Continue reading <span class=\"meta-nav\">&rarr;<\/span><\/a><\/p>\n","protected":false},"author":2,"featured_media":0,"parent":108,"menu_order":11,"comment_status":"closed","ping_status":"closed","template":"","meta":{"footnotes":""},"class_list":["post-228","page","type-page","status-publish","hentry"],"_links":{"self":[{"href":"https:\/\/muc2013.mensch-und-computer.de\/en\/wp-json\/wp\/v2\/pages\/228","targetHints":{"allow":["GET"]}}],"collection":[{"href":"https:\/\/muc2013.mensch-und-computer.de\/en\/wp-json\/wp\/v2\/pages"}],"about":[{"href":"https:\/\/muc2013.mensch-und-computer.de\/en\/wp-json\/wp\/v2\/types\/page"}],"author":[{"embeddable":true,"href":"https:\/\/muc2013.mensch-und-computer.de\/en\/wp-json\/wp\/v2\/users\/2"}],"replies":[{"embeddable":true,"href":"https:\/\/muc2013.mensch-und-computer.de\/en\/wp-json\/wp\/v2\/comments?post=228"}],"version-history":[{"count":0,"href":"https:\/\/muc2013.mensch-und-computer.de\/en\/wp-json\/wp\/v2\/pages\/228\/revisions"}],"up":[{"embeddable":true,"href":"https:\/\/muc2013.mensch-und-computer.de\/en\/wp-json\/wp\/v2\/pages\/108"}],"wp:attachment":[{"href":"https:\/\/muc2013.mensch-und-computer.de\/en\/wp-json\/wp\/v2\/media?parent=228"}],"curies":[{"name":"wp","href":"https:\/\/api.w.org\/{rel}","templated":true}]}}