{"id":215,"date":"2012-12-13T17:30:10","date_gmt":"2012-12-13T17:30:10","guid":{"rendered":"http:\/\/www.brosig-koch.de\/wordpress\/?page_id=215"},"modified":"2012-12-13T17:30:10","modified_gmt":"2012-12-13T17:30:10","slug":"call-for-papers","status":"publish","type":"page","link":"https:\/\/muc2013.mensch-und-computer.de\/en\/delfi\/call-for-papers\/","title":{"rendered":"Call for Papers"},"content":{"rendered":"<p><\/p>\n<h2>Hinweise zur Erstellung der druckfertigen Fassung<\/h2>\n<p>Die Einreichung der druckfertigen Beitr\u00e4ge mu\u00df in elektronischer Form bis zum 1.7.2013 ausschliesslich \u00fcber das <a href=\"https:\/\/www.conftool.com\/mc2013\/\">Konferenzmanagementsystem<\/a> geschehen. Es ist das <a href=\"http:\/\/www.gi.de\/fileadmin\/redaktion\/2005_LNI\/LNI-Autorenrichtlinien.pdf\">LNI Format<\/a>\u00a0 zu verwenden. Die Beitr\u00e4ge sind in vollst\u00e4ndiger Fassung als pdf-Datei (mit Grafiken in einer Punktdichte von mindestens 300 dpi) einzureichen. Die Wordvorlage der GI weicht leider von den Autorenrichtlinien ab. Sollten Sie diese Vorlage verwenden, ersetzen sie bitte das auf die Nummerierung der Kapitel\u00fcberschriften folgende Leerzeichen durch einen Tabulator. Beachten Sie bitte weiterhin, dass Ihre Referenzen wie in den Autorenrichtlinien angegeben formatiert sind. Insbesondere ist der Vorname der referenzierten Autoren abzuk\u00fcrzen. Beachten Sie ausserdem, dass Sie Links nicht z.B. farblich oder durch Unterstrich hervorheben.<\/p>\n<p>F\u00fcr die Einreichungen gelten die folgenden maximalen Seitenumf\u00e4nge inkusive der Literaturverzeichnisse:<\/p>\n<ul>\n<li>Full Paper 12 Seiten<\/li>\n<li>Short Paper 6 Seiten<\/li>\n<li>Poster und Demos 4 Seiten<\/li>\n<\/ul>\n<p>Weiterhin bitten wir Sie bei der Einreichung unbedingt das unter <a href=\"http:\/\/www.gi.de\/fileadmin\/redaktion\/Autorenrichtlinien\/Copyrightvereinbarung-LNI.pdf\">http:\/\/www.gi.de\/fileadmin\/redaktion\/Autorenrichtlinien\/Copyrightvereinbarung-LNI.pdf<\/a><br \/>\nzu findende Copyright-Formular unterschrieben hochzuladen. Nur wenn uns das Copyright-Formular unterschrieben vorliegt und einer der Autor\/innen zur DeLFI Konferenz registriert ist und den Beitrag auf der DeLFI vorstellen wird, k\u00f6nnen wir Ihren Beitrag im Tagungsband der LNI ver\u00f6ffentlichen.<\/p>\n<h2>Formate<\/h2>\n<p>Es wird um Beitr\u00e4ge in den Formaten Forschungsbeitr\u00e4ge. Anwendungs- und Industriebeitr\u00e4ge, Demos und Poster sowie Workshops zu den <a title=\"Themenschwerpunkte\" href=\"http:\/\/muc2013.mensch-und-computer.de\/delfi\/themenschwerpunkt\/\">Themenschwerpunkten der DeLFI<\/a> gebeten.<\/p>\n<h3>Beitr\u00e4ge:<\/h3>\n<p>Es wird um bisher unver\u00f6ffentlichte Beitr\u00e4ge im Themenbereich e-Learning und Informatik gebeten. Die Beitr\u00e4ge k\u00f6nnen in folgende Kategorien fallen:<\/p>\n<ul>\n<li>Forschungsbeitr\u00e4ge motivieren ein Forschungsziel, beschreiben die Forschungsmethode und bewerten die Forschungsergebnisse.<\/li>\n<li>Anwendungs- und Industriebeitr\u00e4ge stellen aktuelle e-Learning Anwendungen vor und werten Erfahrungen mit ihrer Nutzung aus.<\/li>\n<\/ul>\n<p>Jeder Beitrag kann Kurz- oder Langbeitrag (6 oder 12 Seiten) sein. Die Einreichungen werden vom Programmkomitee begutachtet. Angenommene Beitr\u00e4ge werden im Tagungsband (Lecture Notes in Informatics) ver\u00f6ffentlicht.<\/p>\n<h3>Demos und Poster:<\/h3>\n<p>Demos und Poster stellen aktuelle Prototypen, Systeme und Anwendungen vor. Sie sind als Kurzfassung von 3 Seiten einzureichen.<\/p>\n<h3>Workshops:<\/h3>\n<p>Workshops werden gemeinsam mit der Konferenz Mensch &amp; Computer durchgef\u00fchrt. Sie dienen der Bestandsaufnahme und dem Austausch \u00fcber ein relevantes Themengebiet der Tagung. Sie bieten gr\u00f6\u00dfere Freir\u00e4ume f\u00fcr Diskussion und werden von den Ausrichtern eigenverantwortlich durchgef\u00fchrt. Workshops k\u00f6nnen als Kurzfassung (maximal drei Seiten) eingereicht werden.<\/p>\n<h2>Termine<\/h2>\n<p><del datetime=\"2013-02-22T12:05:24+00:00\">19.02.13 Einreichung von Workshop-Vorschl\u00e4gen<\/del><br \/>\n<del datetime=\"2013-02-22T12:05:24+00:00\">17.03.13 Einreichung von Abstracts f\u00fcr Beitr\u00e4ge, Demos, Poster<\/del><br \/>\n<del datetime=\"2013-02-22T12:05:24+00:00\">01.04.13 Einreichung der vollst\u00e4ndigen Fassung f\u00fcr Beitr\u00e4ge, Demos, Poster<\/del><br \/>\n<del> 23.05.13 Entscheidung \u00fcber die Annahme <\/del><br \/>\n01.07.13 Einreichung der druckfertigen Endfassungen<\/p>\n<h2>Call for Paper als PDF<\/h2>\n<p><a href=\"http:\/\/muc2013.mensch-und-computer.de\/wp-content\/uploads\/sites\/3\/2013\/03\/delfi-2013-cfp-final.pdf\">zum Download<\/a><\/p>\n<h2>Workshops<\/h2>\n<p>Bitte beachten Sie auch die jeweiligen Call for Papers der <a title=\"Workshops\" href=\"http:\/\/muc2013.mensch-und-computer.de\/delfi\/workshops\/\">DeLFI Workshops<\/a>.<\/p>","protected":false},"excerpt":{"rendered":"<p>Hinweise zur Erstellung der druckfertigen Fassung Die Einreichung der druckfertigen Beitr\u00e4ge mu\u00df in elektronischer Form bis zum 1.7.2013 ausschliesslich \u00fcber das Konferenzmanagementsystem geschehen. Es ist das LNI Format\u00a0 zu verwenden. Die Beitr\u00e4ge sind in vollst\u00e4ndiger Fassung als pdf-Datei (mit Grafiken &hellip; <a href=\"https:\/\/muc2013.mensch-und-computer.de\/en\/delfi\/call-for-papers\/\">Continue reading <span class=\"meta-nav\">&rarr;<\/span><\/a><\/p>\n","protected":false},"author":2,"featured_media":0,"parent":108,"menu_order":15,"comment_status":"closed","ping_status":"closed","template":"","meta":{"footnotes":""},"class_list":["post-215","page","type-page","status-publish","hentry"],"_links":{"self":[{"href":"https:\/\/muc2013.mensch-und-computer.de\/en\/wp-json\/wp\/v2\/pages\/215","targetHints":{"allow":["GET"]}}],"collection":[{"href":"https:\/\/muc2013.mensch-und-computer.de\/en\/wp-json\/wp\/v2\/pages"}],"about":[{"href":"https:\/\/muc2013.mensch-und-computer.de\/en\/wp-json\/wp\/v2\/types\/page"}],"author":[{"embeddable":true,"href":"https:\/\/muc2013.mensch-und-computer.de\/en\/wp-json\/wp\/v2\/users\/2"}],"replies":[{"embeddable":true,"href":"https:\/\/muc2013.mensch-und-computer.de\/en\/wp-json\/wp\/v2\/comments?post=215"}],"version-history":[{"count":0,"href":"https:\/\/muc2013.mensch-und-computer.de\/en\/wp-json\/wp\/v2\/pages\/215\/revisions"}],"up":[{"embeddable":true,"href":"https:\/\/muc2013.mensch-und-computer.de\/en\/wp-json\/wp\/v2\/pages\/108"}],"wp:attachment":[{"href":"https:\/\/muc2013.mensch-und-computer.de\/en\/wp-json\/wp\/v2\/media?parent=215"}],"curies":[{"name":"wp","href":"https:\/\/api.w.org\/{rel}","templated":true}]}}