{"id":144,"date":"2012-12-11T10:54:33","date_gmt":"2012-12-11T10:54:33","guid":{"rendered":"http:\/\/www.brosig-koch.de\/wordpress\/?page_id=144"},"modified":"2012-12-11T10:54:33","modified_gmt":"2012-12-11T10:54:33","slug":"cfp","status":"publish","type":"page","link":"https:\/\/muc2013.mensch-und-computer.de\/en\/mensch-computer\/cfp\/","title":{"rendered":"Call for Papers"},"content":{"rendered":"<p>Die n\u00e4chste Fachtagung Mensch &amp; Computer wird vom 8. &#8211; 11. September 2013 an der Universit\u00e4t Bremen stattfinden.\u00a0 Einen besonderen Schwerpunkt m\u00f6chten wir mit dem Motto &#8220;Interaktive Vielfalt&#8221; legen: Die Diversit\u00e4t der Nutzerinnen und Nutzer, die Unterschiedlichkeit ihrer Lebenslagen und Arbeitskontexte und der technischen Ausstattung, die sie verwenden, erfordert eine darauf abgestimmte differenzierte Gestaltung der Mensch-Computer-Interaktion.\u00a0Wir m\u00f6chten Sie auf diesem Wege zur aktiven Teilnahme aufrufen und kurz \u00fcber die vielf\u00e4ltigen M\u00f6glichkeiten Ihrer Teilnahme informieren.<\/p>\n<table id=\"calltable\" style=\"text-align:center;font-size:10px\">\n<tr style=\"background-color:#d6e9ff\">\n<td>Termine<\/td>\n<td>Lang\/<br \/>Kurzbeitr\u00e4ge<\/td>\n<td>Inter &#124; aktion<br \/>Demo-<br \/>Kurzbeitr\u00e4ge<\/td>\n<td>Tutorien<\/td>\n<td>Visionen<\/td>\n<td>Doktorandenseminar<\/td>\n<\/tr>\n<tr>\n<td style=\"background-color:#ddd\"><strike>17. M\u00e4rz 2013<\/strike><br \/><strike>1. April 2013<\/strike><\/td>\n<td>Einreichung<\/td>\n<td><\/td>\n<td><\/td>\n<td><\/td>\n<td><\/td>\n<\/tr>\n<tr>\n<td style=\"background-color:#ddd\"><strike>12. Mai 2013<\/strike><br \/>26. Mai 2013<\/td>\n<td><\/td>\n<td>Einreichung<\/td>\n<td><\/td>\n<td><\/td>\n<td><\/td>\n<\/tr>\n<tr>\n<td style=\"background-color:#ddd\">31. Mai 2013<\/td>\n<td>Benachrichtigung<\/td>\n<td><\/td>\n<td><\/td>\n<td><\/td>\n<td><\/td>\n<\/tr>\n<tr>\n<td style=\"background-color:#ddd\">1. Juni 2013<\/td>\n<td><\/td>\n<td><\/td>\n<td><\/td>\n<td><\/td>\n<td><\/td>\n<\/tr>\n<tr>\n<td style=\"background-color:#ddd\">16. Juni 2013<\/td>\n<td><\/td>\n<td><\/td>\n<td>Einreichung<\/td>\n<td><\/td>\n<td>Einreichung<\/td>\n<\/tr>\n<tr>\n<td style=\"background-color:#ddd\">26. Juni 2013<\/td>\n<td><\/td>\n<td><\/td>\n<td><\/td>\n<td><\/td>\n<td><\/td>\n<\/tr>\n<tr>\n<td style=\"background-color:#ddd\">30. Juni 2013<\/td>\n<td>Camera-Ready<br \/>Copy<\/td>\n<td><\/td>\n<td><\/td>\n<td><\/td>\n<td><\/td>\n<\/tr>\n<tr>\n<td style=\"background-color:#ddd\">10. Juli 2013<\/td>\n<td><\/td>\n<td>Camera-Ready<br \/>Copy<\/td>\n<td><\/td>\n<td><\/td>\n<td><\/td>\n<\/tr>\n<tr>\n<td style=\"background-color:#ddd\">15. Juli 2013<\/td>\n<td><\/td>\n<td><\/td>\n<td><\/td>\n<td>Einreichung<\/td>\n<td><\/td>\n<\/tr>\n<\/table>\n<p>Die Einreichungstermine f\u00fcr Beitr\u00e4ge zu den M&amp;C-Workshops werden von den Workshop-Organisatoren festgelegt.<\/p>\n<p>Die Abgabe von Beitr\u00e4gen erfolgt ausschlie\u00dflich in elektronischer Form \u00fcber das <a href=\"https:\/\/www.conftool.com\/mc2013\/\" target=\"_blank\">Konferenzmanagement-System<\/a>: Melden Sie sich dazu bitte als neuer Benutzer an oder verwenden Sie Ihren bestehenden Account.<\/p>\n<p>Unter der Rubrik <a href=\"http:\/\/muc2013.mensch-und-computer.de\/mensch-computer\/beitragsformen\/\">\u201eBeitragsformen\u201c<\/a> finden Sie weitere Informationen.<\/p>\n<h2>Die Themenschwerpunkte der Mensch und Computer 2013<\/h2>\n<p><strong>Vielfalt der Methoden<\/strong><\/p>\n<ul>\n<li>Mensch-zentriertes Design<\/li>\n<li>Anforderungsanalyse<\/li>\n<li>Evaluationsverfahren<\/li>\n<li>User Experience Design<\/li>\n<li>Design for All<\/li>\n<li>Reflective Design<\/li>\n<li>Value-sensitive Design<\/li>\n<li>Gender und Diversity im Design<\/li>\n<li>Prototyping, Interaktionsmodellierung<\/li>\n<li>Agile Entwicklung und Usability<\/li>\n<\/ul>\n<p><strong>Vielfalt der Interaktionstechniken<\/strong><\/p>\n<ul>\n<li>Embodied Interaction<\/li>\n<li>Touch und Gestik<\/li>\n<li>Be-greifbare Interaktion, Tangible Interaction<\/li>\n<li>Interaktive Visualisierungen<\/li>\n<li>Sprachbasierte und multimodale Schnittstellen<\/li>\n<li>Kontextadaptive und intelligente User Interfaces<\/li>\n<li>Web 2.0 und Semantic Web<\/li>\n<li>Interaktion mit eingebetteten und ambienten Systemen<\/li>\n<li>Virtuelle, gemischte und erweiterte Realit\u00e4ten<\/li>\n<li>Virtuelle Charaktere und Avatare<\/li>\n<li>Brain-Computer Interfaces<\/li>\n<\/ul>\n<p><strong>Vielfalt der Menschen, Kontexte und Anwendungen<\/strong><\/p>\n<ul>\n<li>Interaktive Medien in Kunst und Kultur<\/li>\n<li>E-Commerce und Marketing<\/li>\n<li>Anwendungen in Produktion und Verwaltung<\/li>\n<li>e-Government, e-Health<\/li>\n<li>Sicherheitskritische Systeme<\/li>\n<li>Kooperative Systeme und Kooperationsplattformen<\/li>\n<li>Unterhaltung und Computerspiele<\/li>\n<li>Entertainment Interfaces<\/li>\n<li>Interaktives Fernsehen<\/li>\n<li>Ethik der interaktiven und vernetzten Systeme<\/li>\n<li>Soziale Netzwerke, Filterbubble-Effekte<\/li>\n<li>Multiple Identit\u00e4ten und Schutz der Privatsph\u00e4re<\/li>\n<li>Ambient Assisted Living<\/li>\n<li>Mobile und ubiquit\u00e4re Interaktion<\/li>\n<li>Intelligente H\u00e4user und Haushaltstechnik<\/li>\n<li>Serious Games, Human Computation<\/li>\n<li>Do It Yourself: Makers, Hackerspaces and Fablabs<\/li>\n<\/ul>\n<h2>\u00dcbersicht \u00fcber die Beitragsformen<\/h2>\n<p>In \u201eLangbeitr\u00e4gen\u201c k\u00f6nnen interessante Arbeitsergebnisse aus Forschung und Praxis berichtet werden. \u201eKurzbeitr\u00e4ge (Poster)\u201c sind vor allem f\u00fcr die Pr\u00e4sentation von vorl\u00e4ufigen Ergebnissen und Praxisbeispielen geeignet.<\/p>\n<p>Sehr gut angenommen wurden bei der letzten Tagung die \u201eInter|aktion &#8211; Interaktiven Demos\u201c. Wir m\u00f6chten Sie ausdr\u00fccklich ermutigen, im Rahmen einer Ausstellung Ihre interaktiven Exponate vorzuf\u00fchren.<\/p>\n<p>Wieder dabei sind die Beitragsformen \u201eWorkshops\u201c und \u201eTutorials\u201c. Sollten Sie eine bew\u00e4hrte Workshop-Reihe fortf\u00fchren wollen oder ein interessantes neues Thema haben, dann reichen Sie Ihre Workshop-Idee ein. In &#8220;Tutorials&#8221; k\u00f6nnen Sie Ihr Wissen an ein fachlich interessiertes Publikum weitergeben.<\/p>\n<p>Unter dem Motto \u201eMensch-Computer Interaktion im Jahre 2026\u201c wird die Kategorie \u201eVisionen\u201c fortgef\u00fchrt.\u00a0Sie wendet sich vor allem an Studierende, die beispielsweise im Rahmen von Kursen derartige Visionen entwickeln. Wenn Sie also Lehrveranstaltungen anbieten, denken Sie bitte dar\u00fcber nach, sich hier aktiv zu beteiligen.<\/p>\n<p>Zus\u00e4tzlich gibt es wieder einen \u201eStudentischen Wettbewerb\u201c in Form der\u00a0Usability Challenge.<\/p>\n<p>Einreichung von Lang- und Kurzbeitr\u00e4gen sowie von Workshop-Vorschl\u00e4gen bitte bis zum 01.04.2013.<\/p>\n<p>Bitte beachten Sie f\u00fcr die Einreichung von Beitr\u00e4gen diese\u00a0<a href=\"http:\/\/muc2013.mensch-und-computer.de\/mensch-computer\/beitragsformen\/#Autorenrichtlinien\">Autorenrichtlinien<\/a>.<\/p>\n<p>Der Tagungsband der Konferenz Mensch &amp; Computer 2013 wird in elektronischer\u00a0Form im Oldenbourg Wissenschaftsverlag erscheinen. Eine gedruckte Version kann\u00a0als print-on-demand bezogen werden.<br \/>\n<\/p>","protected":false},"excerpt":{"rendered":"<p>Die n\u00e4chste Fachtagung Mensch &amp; Computer wird vom 8. &#8211; 11. September 2013 an der Universit\u00e4t Bremen stattfinden.\u00a0 Einen besonderen Schwerpunkt m\u00f6chten wir mit dem Motto &#8220;Interaktive Vielfalt&#8221; legen: Die Diversit\u00e4t der Nutzerinnen und Nutzer, die Unterschiedlichkeit ihrer Lebenslagen und &hellip; <a href=\"https:\/\/muc2013.mensch-und-computer.de\/en\/mensch-computer\/cfp\/\">Continue reading <span class=\"meta-nav\">&rarr;<\/span><\/a><\/p>\n","protected":false},"author":2,"featured_media":0,"parent":6,"menu_order":85,"comment_status":"closed","ping_status":"closed","template":"","meta":{"footnotes":""},"class_list":["post-144","page","type-page","status-publish","hentry"],"_links":{"self":[{"href":"https:\/\/muc2013.mensch-und-computer.de\/en\/wp-json\/wp\/v2\/pages\/144","targetHints":{"allow":["GET"]}}],"collection":[{"href":"https:\/\/muc2013.mensch-und-computer.de\/en\/wp-json\/wp\/v2\/pages"}],"about":[{"href":"https:\/\/muc2013.mensch-und-computer.de\/en\/wp-json\/wp\/v2\/types\/page"}],"author":[{"embeddable":true,"href":"https:\/\/muc2013.mensch-und-computer.de\/en\/wp-json\/wp\/v2\/users\/2"}],"replies":[{"embeddable":true,"href":"https:\/\/muc2013.mensch-und-computer.de\/en\/wp-json\/wp\/v2\/comments?post=144"}],"version-history":[{"count":0,"href":"https:\/\/muc2013.mensch-und-computer.de\/en\/wp-json\/wp\/v2\/pages\/144\/revisions"}],"up":[{"embeddable":true,"href":"https:\/\/muc2013.mensch-und-computer.de\/en\/wp-json\/wp\/v2\/pages\/6"}],"wp:attachment":[{"href":"https:\/\/muc2013.mensch-und-computer.de\/en\/wp-json\/wp\/v2\/media?parent=144"}],"curies":[{"name":"wp","href":"https:\/\/api.w.org\/{rel}","templated":true}]}}