{"id":12,"date":"2012-11-29T14:44:05","date_gmt":"2012-11-29T14:44:05","guid":{"rendered":"http:\/\/www.brosig-koch.de\/wordpress\/?page_id=12"},"modified":"2012-11-29T14:44:05","modified_gmt":"2012-11-29T14:44:05","slug":"komitees","status":"publish","type":"page","link":"https:\/\/muc2013.mensch-und-computer.de\/en\/mensch-computer\/komitees\/","title":{"rendered":"Komitees"},"content":{"rendered":"<p><\/p>\n<h2>Leitung der Konferenz<\/h2>\n<p>Prof. Dr. Susanne Maa\u00df, Universit\u00e4t Bremen<br \/>\nProf. Dr. Rainer Malaka, Universit\u00e4t Bremen<\/p>\n<h2>Lokale Organisation<\/h2>\n<p>Dr. Gerald Volkmann, Universit\u00e4t Bremen<br \/>\nBj\u00f6rn Mellies, M.Sc., Universit\u00e4t Bremen<br \/>\nDr. Dennis Krannich, Universit\u00e4t Bremen<br \/>\nDipl.-Inf. Tanja D\u00f6ring, Universit\u00e4t Bremen<br \/>\nDorothee C. Meier, M.A., Institut f\u00fcr Informationsmanagement Bremen GmbH<br \/>\nDipl.-Soz. Carola Schirmer, Universit\u00e4t Bremen<br \/>\nAndreas Lehmann, German UPA e.V.<\/p>\n<h2>Programmkomitee<\/h2>\n<p><strong>Leitung<\/strong><br \/>\nProf. Dr. Susanne Boll, Carl von Ossietzky-Universit\u00e4t Oldenburg<br \/>\nProf. Dr. Susanne Maa\u00df, Universit\u00e4t Bremen<br \/>\nProf. Dr. Rainer Malaka, Universit\u00e4t Bremen<\/p>\n<p><strong>Mitglieder<\/strong><br \/>\nProf. Astrid Beck, HS Esslingen<br \/>\nWolfgang Beinhauer, Fraunhofer IAO<br \/>\nProf. Dr. Klaus Bengler, TU M\u00fcnchen<br \/>\nArne Berger, Technische Universit\u00e4t Chemnitz<br \/>\nMarco Biedermann, Capgemini<br \/>\nProf. Dr. Udo Bleimann, Hochschule Darmstadt<br \/>\nProf. Dr. Birgit Bomsdorf, Hochschule Fulda<br \/>\nProf. Dr. Raimund Dachselt, Technische Universit\u00e4t Dresden<br \/>\nProf. Dr. Markus Dahm, FH D\u00fcsseldorf<br \/>\nJochen Denzinger, ma ma Interactive System Design<br \/>\nProf. Dr. Oliver Deussen, Universit\u00e4t Konstanz<br \/>\nDr. Anke Dittmar, Universit\u00e4t Rostock<br \/>\nTanja D\u00f6ring, Universit\u00e4t Bremen<br \/>\nProf. Dr. Maximilian Eibl, Technische Universit\u00e4t Chemnitz<br \/>\nHolger Fischer, Universit\u00e4t Paderborn, C-LAB<br \/>\nProf. Dr. Peter Forbrig, Universit\u00e4t Rostock<br \/>\nProf. Dr. Jens Geelhaar, Bauhaus-Universit\u00e4t Weimar<br \/>\nThomas Geis, ProContext Consulting GmbH<br \/>\nDr. Jens Gerken, ICT AG<br \/>\nProf. Dr. Paul Grimm, HS Fulda<br \/>\nProf. Dr. Tom Gross, Universit\u00e4t Bamberg<br \/>\nProf. Dr. Barbara Gr\u00fcter, Hochschule Bremen<br \/>\nProf. Dr. Kai-Christoph Hamborg, Universit\u00e4t Osnabr\u00fcck<br \/>\nProf. Dr. Marc Hassenzahl, Folkwang Universit\u00e4t der K\u00fcnste<br \/>\nDr. Dominikus Heckmann, DFKI GmbH<br \/>\nProf. Dr. Frank Heidmann, Fachhochschule Potsdam<br \/>\nProf. Dr. Andreas M. Heinecke, Westf\u00e4lische Hochschule<br \/>\nDr. Niels Henze, Universit\u00e4t Stuttgart<br \/>\nProf. Dr. Michael Herczeg, Universit\u00e4t zu L\u00fcbeck<br \/>\nDr. Eelco Herder, Leibniz Universit\u00e4t Hannover<br \/>\nDr. Paul Holleis, DOCOMO Communications Laboratories Europe GmbH<br \/>\nProf. Dr. Eva Hornecker, Bauhaus University Weimar<br \/>\nTim Hussein, Universit\u00e4t Duisburg-Essen<br \/>\nProf. Dr. Heinrich Hussmann, Ludwig-Maximilians-Universit\u00e4t M\u00fcnchen<br \/>\nDr. Johann Habakuk Israel, Fraunhofer IPK<br \/>\nProf. Dr. Monique Janneck, Fachhochschule L\u00fcbeck<br \/>\nHans-Christian Jetter, Universit\u00e4t Konstanz<br \/>\nProf. Dr. Reinhard Keil, Universit\u00e4t Paderborn<br \/>\nDr. Martin Christof Kindsm\u00fcller, Universit\u00e4t Hamburg<br \/>\nProf. Dr. Michael Koch, Universit\u00e4t der Bundeswehr M\u00fcnchen<br \/>\nDr. Dennis Krannich, Universit\u00e4t Bremen<br \/>\nProf. Dr. Matthias Kranz, Universit\u00e4t Passau<br \/>\nProf. Dr. J\u00fcrgen Krause, Universit\u00e4t Koblenz-Landau<br \/>\nProf. Dr. Heidi Kr\u00f6mker, TU Ilmenau<br \/>\nProf. Dr. Antonio Kr\u00fcger, Universit\u00e4t des Saarlandes<br \/>\nProf. Rolf Kruse, FH Erfurt<br \/>\nDr. Sandro Leuchter, ATLAS ELEKTRONIK GmbH<br \/>\nProf. Dr. Ulrike Lucke, Universit\u00e4t Potsdam<br \/>\nDr. Stephan Lukosch, Delft University of Technology<br \/>\nProf. Dr. Paul Lukowicz, DFKI GmbH<br \/>\nProf. Dr. Peter Mambrey, Universit\u00e4t Duisburg-Essen<br \/>\nProf. Dr. Thomas Mandl, Stiftung Universit\u00e4t Hildesheim<br \/>\nProf. Dr. Maic Masuch, Universit\u00e4t Duisburg-Essen<br \/>\nDr. Gerrit Meixner, DFKI<br \/>\nDr. Florian Michahelles, ETH Zurich<br \/>\nProf. Dr. Kathrin M\u00f6slein, Universitaet Erlangen-Nuernberg<br \/>\nProf. Dr. J\u00f6rg M\u00fcller, UdK \/ T-Labs<br \/>\nProf. Dr. Karsten Nebe, Hochschule Rhein-Waal<br \/>\nProf. Dr. Horst Oberquelle, Universit\u00e4t Hamburg<br \/>\nDr. Hansj\u00fcrgen Paul, Institut Arbeit und Technik<br \/>\nDr. Martin Pielot, Telefonica Research<br \/>\nProf. Dr. Volkmar Pipek, Universit\u00e4t Siegen<br \/>\nProf. Dr. Bernhard Preim, Universit\u00e4t Magdeburg<br \/>\nProf. Dr. Wolfgang Prinz, Fraunhofer FIT<br \/>\nProf. Dr. Jochen Pr\u00fcmper, HTW Berlin<br \/>\nProf. Dr. Harald Reiterer, Universit\u00e4t Konstanz<br \/>\nDr. Andreas Riener, Johannes Kepler Universit\u00e4t Linz<br \/>\nMarc Ritter, Technische Universit\u00e4t Chemnitz<br \/>\nProf. Dr. Michael Rohs, Leibniz Universit\u00e4t Hannover<br \/>\nProf. Dr. Enrico Rukzio, Universit\u00e4t Ulm<br \/>\nHerbert R\u00fcsseler, Fraunhofer-Institut FOKUS<br \/>\nProf. Dr. Gabriele Schade, FH Erfurt<br \/>\nCarola Schirmer, Universit\u00e4t Bremen<br \/>\nProf. Dr. Thomas Schlegel, TU Dresden<br \/>\nJohann Schlichter, TU M\u00fcnchen<br \/>\nProf. Dr. Ludger Schmidt, Universit\u00e4t Kassel<br \/>\nProf. Dr. Andreas Schrader, Universit\u00e4t zu L\u00fcbeck<br \/>\nProf. Dr. J\u00fcrgrn K. Singer, Hochschule Harz<br \/>\nProf. Dr. Christian Stary, Universit\u00e4t Linz<br \/>\nDr. J\u00fcrgen Steimle, Max Planck Institut f\u00fcr Informatik<br \/>\nProf. Dr. Markus Stolze, HSR Hochschule f\u00fcr Technik Rapperswil<br \/>\nDr. Friedrich Strau\u00df, Landeshauptstadt M\u00fcnchen<br \/>\nProf. Dr. Gerd Szwillus, Universit\u00e4t Paderborn<br \/>\nProf. Dr. Manfred Th\u00fcring, TU Berlin<br \/>\nProf. Dr. Manfred Tscheligi, Universit\u00e4t Salzburg<br \/>\nProf. Dr. Rainer Unland, Universit\u00e4t Duisburg-Essen<br \/>\nProf. Dr. Leon Urbas, TU Dresden<br \/>\nProf. Dr. Hartmut Wandke, Humboldt Universit\u00e4t zu Berlin<br \/>\nProf. Dr. Michael Weber, Universit\u00e4t Ulm<br \/>\nProf. Dr. Christian Wolff, Universit\u00e4t Regensburg<br \/>\nProf. Dr. Christa Womser-Hacker, Stiftung Universit\u00e4t Hildesheim<br \/>\nProf. Dr. Volker Wulf, Universit\u00e4t Siegen und Fraunhofer FIT<br \/>\nDr. Carmen Zahn, Institut f\u00fcr Wissensmedien<br \/>\nProf. Dr. J\u00fcrgen Ziegler, Universit\u00e4t Duisburg-Essen<\/p>\n<h2>Inter | aktion \u2013 Interaktive Demos<\/h2>\n<p>Prof. Dr. Raimund Dachselt, Technische Universit\u00e4t Dresden<br \/>\nDr. Dennis Krannich, Universit\u00e4t Bremen<\/p>\n<h2>Visionen<\/h2>\n<p>Prof. Dr. Rolf Kruse, Fachhochschule Erfurt<br \/>\nMarius Brade, Technische Universit\u00e4t Dresden<\/p>\n<h2>Doktorandenseminar<\/h2>\n<p>Prof. Dr. Michael Koch, Universit\u00e4t der Bundeswehr M\u00fcnchen<br \/>\nProf. Dr. Thomas Herrmann, Universit\u00e4t Dortmund<br \/>\n<\/p>","protected":false},"excerpt":{"rendered":"<p>Leitung der Konferenz Prof. Dr. Susanne Maa\u00df, Universit\u00e4t Bremen Prof. Dr. Rainer Malaka, Universit\u00e4t Bremen Lokale Organisation Dr. Gerald Volkmann, Universit\u00e4t Bremen Bj\u00f6rn Mellies, M.Sc., Universit\u00e4t Bremen Dr. Dennis Krannich, Universit\u00e4t Bremen Dipl.-Inf. Tanja D\u00f6ring, Universit\u00e4t Bremen Dorothee C. Meier, &hellip; <a href=\"https:\/\/muc2013.mensch-und-computer.de\/en\/mensch-computer\/komitees\/\">Continue reading <span class=\"meta-nav\">&rarr;<\/span><\/a><\/p>\n","protected":false},"author":2,"featured_media":0,"parent":6,"menu_order":70,"comment_status":"open","ping_status":"closed","template":"","meta":{"footnotes":""},"class_list":["post-12","page","type-page","status-publish","hentry"],"_links":{"self":[{"href":"https:\/\/muc2013.mensch-und-computer.de\/en\/wp-json\/wp\/v2\/pages\/12","targetHints":{"allow":["GET"]}}],"collection":[{"href":"https:\/\/muc2013.mensch-und-computer.de\/en\/wp-json\/wp\/v2\/pages"}],"about":[{"href":"https:\/\/muc2013.mensch-und-computer.de\/en\/wp-json\/wp\/v2\/types\/page"}],"author":[{"embeddable":true,"href":"https:\/\/muc2013.mensch-und-computer.de\/en\/wp-json\/wp\/v2\/users\/2"}],"replies":[{"embeddable":true,"href":"https:\/\/muc2013.mensch-und-computer.de\/en\/wp-json\/wp\/v2\/comments?post=12"}],"version-history":[{"count":0,"href":"https:\/\/muc2013.mensch-und-computer.de\/en\/wp-json\/wp\/v2\/pages\/12\/revisions"}],"up":[{"embeddable":true,"href":"https:\/\/muc2013.mensch-und-computer.de\/en\/wp-json\/wp\/v2\/pages\/6"}],"wp:attachment":[{"href":"https:\/\/muc2013.mensch-und-computer.de\/en\/wp-json\/wp\/v2\/media?parent=12"}],"curies":[{"name":"wp","href":"https:\/\/api.w.org\/{rel}","templated":true}]}}