{"id":111,"date":"2012-11-29T20:26:30","date_gmt":"2012-11-29T20:26:30","guid":{"rendered":"http:\/\/www.brosig-koch.de\/wordpress\/?page_id=111"},"modified":"2012-11-29T20:26:30","modified_gmt":"2012-11-29T20:26:30","slug":"themenschwerpunkt","status":"publish","type":"page","link":"https:\/\/muc2013.mensch-und-computer.de\/en\/delfi\/themenschwerpunkt\/","title":{"rendered":"Themenschwerpunkte"},"content":{"rendered":"<p>Eine nicht ausschlie\u00dfende Auswahl m\u00f6glicher Themenbereiche umfasst:<\/p>\n<ul>\n<li>Softwarewerkzeuge und Technologien<\/li>\n<li>Standards und Interoperabilit\u00e4t<\/li>\n<li>Kontextbewusstsein und Adaptivit\u00e4t<\/li>\n<li>Learning Analytics<\/li>\n<li>Usability und Accessibility<\/li>\n<li>Kooperatives \/ kollaboratives Lernen<\/li>\n<li>Non-formales, informelles und formelles Lernen<\/li>\n<li>Mobiles Lernen<\/li>\n<li>Innovative Lernformen wie Flipped Classroom<\/li>\n<li>Game-based Learning<\/li>\n<li>Didaktik und Wirksamkeit des e-Learning<\/li>\n<li>Assessment, Kompetenzmessung und Feedback<\/li>\n<li>Wissens- und Kompetenz-Management<\/li>\n<li>Evaluation und Qualit\u00e4tsentwicklung<\/li>\n<li>Organisationsentwicklung in Bildungsorganisationen<\/li>\n<li>e-Learning in Anwendungsfeldern: Schule, Hochschule, Berufsbildung, betriebliche Aus- und Fortbildung<\/li>\n<\/ul>\n<p><\/p>","protected":false},"excerpt":{"rendered":"<p>Eine nicht ausschlie\u00dfende Auswahl m\u00f6glicher Themenbereiche umfasst: Softwarewerkzeuge und Technologien Standards und Interoperabilit\u00e4t Kontextbewusstsein und Adaptivit\u00e4t Learning Analytics Usability und Accessibility Kooperatives \/ kollaboratives Lernen Non-formales, informelles und formelles Lernen Mobiles Lernen Innovative Lernformen wie Flipped Classroom Game-based Learning Didaktik &hellip; <a href=\"https:\/\/muc2013.mensch-und-computer.de\/en\/delfi\/themenschwerpunkt\/\">Continue reading <span class=\"meta-nav\">&rarr;<\/span><\/a><\/p>\n","protected":false},"author":2,"featured_media":0,"parent":108,"menu_order":2,"comment_status":"closed","ping_status":"closed","template":"","meta":{"footnotes":""},"class_list":["post-111","page","type-page","status-publish","hentry"],"_links":{"self":[{"href":"https:\/\/muc2013.mensch-und-computer.de\/en\/wp-json\/wp\/v2\/pages\/111","targetHints":{"allow":["GET"]}}],"collection":[{"href":"https:\/\/muc2013.mensch-und-computer.de\/en\/wp-json\/wp\/v2\/pages"}],"about":[{"href":"https:\/\/muc2013.mensch-und-computer.de\/en\/wp-json\/wp\/v2\/types\/page"}],"author":[{"embeddable":true,"href":"https:\/\/muc2013.mensch-und-computer.de\/en\/wp-json\/wp\/v2\/users\/2"}],"replies":[{"embeddable":true,"href":"https:\/\/muc2013.mensch-und-computer.de\/en\/wp-json\/wp\/v2\/comments?post=111"}],"version-history":[{"count":0,"href":"https:\/\/muc2013.mensch-und-computer.de\/en\/wp-json\/wp\/v2\/pages\/111\/revisions"}],"up":[{"embeddable":true,"href":"https:\/\/muc2013.mensch-und-computer.de\/en\/wp-json\/wp\/v2\/pages\/108"}],"wp:attachment":[{"href":"https:\/\/muc2013.mensch-und-computer.de\/en\/wp-json\/wp\/v2\/media?parent=111"}],"curies":[{"name":"wp","href":"https:\/\/api.w.org\/{rel}","templated":true}]}}