{"id":108,"date":"2012-11-29T20:25:32","date_gmt":"2012-11-29T20:25:32","guid":{"rendered":"http:\/\/www.brosig-koch.de\/wordpress\/?page_id=108"},"modified":"2012-11-29T20:25:32","modified_gmt":"2012-11-29T20:25:32","slug":"delfi","status":"publish","type":"page","link":"https:\/\/muc2013.mensch-und-computer.de\/en\/delfi\/","title":{"rendered":"DeLFI"},"content":{"rendered":"<p>Das Programmheft f\u00fcr die Interaktive Vielfalt 2013 ist online verf\u00fcgbar: <a href=\"http:\/\/muc2013.mensch-und-computer.de\/wp-content\/uploads\/sites\/3\/2012\/11\/Programmheft_MuC_UP_DeLFI.pdf\">Programmheft_MuC_UP_DeLFI.pdf<\/a><\/p>\n<h2>\u00dcber die Konferenz<\/h2>\n<p><img loading=\"lazy\" decoding=\"async\" class=\" wp-image-244 alignright\" title=\"delfi2013\" alt=\"\" src=\"http:\/\/muc2013.mensch-und-computer.de\/wp-content\/uploads\/sites\/3\/2012\/11\/delfi2013-300x140.png\" width=\"150\" height=\"70\" srcset=\"https:\/\/muc2013.mensch-und-computer.de\/wp-content\/uploads\/sites\/3\/2012\/11\/delfi2013-300x140.png 300w, https:\/\/muc2013.mensch-und-computer.de\/wp-content\/uploads\/sites\/3\/2012\/11\/delfi2013.png 383w\" sizes=\"auto, (max-width: 150px) 100vw, 150px\" \/>Seit 2003 pr\u00e4sentiert die DeLFI-Tagungsreihe dem interessierten Fachpublikum aktuelle, innovative informatiknahe Ergebnisse zum Thema e-Learning aus Forschung und Praxis. Ausgangspunkt f\u00fcr die DeLFI 2013 ist die zunehmende Vielfalt der Lernenden und Lehrenden an verschiedenen Lernorten, durch unterschiedliche Lernvoraussetzungen und -erwartungen, durch die Vermischung von formalen, non-formalen und informellen Lernprozessen, die neue Anforderung an die Entwicklung von Informatiksystemen stellt. Auf der Tagung sollen sowohl Forschungsbeitr\u00e4ge als auch Praxisbeitr\u00e4ge vorgestellt werden. Damit besteht f\u00fcr die Teilnehmenden die Chance, die Vielfalt der Informatik im e-Learning aus beiden Perspektiven zu beleuchten.<\/p>\n<p>Die Tagungsreihe DeLFI wird von der <img loading=\"lazy\" decoding=\"async\" class=\" wp-image-243 alignright\" title=\"fgele\" alt=\"\" src=\"http:\/\/muc2013.mensch-und-computer.de\/wp-content\/uploads\/sites\/3\/2012\/11\/fgele-300x76.png\" width=\"168\" height=\"43\" srcset=\"https:\/\/muc2013.mensch-und-computer.de\/wp-content\/uploads\/sites\/3\/2012\/11\/fgele-300x76.png 300w, https:\/\/muc2013.mensch-und-computer.de\/wp-content\/uploads\/sites\/3\/2012\/11\/fgele.png 385w\" sizes=\"auto, (max-width: 168px) 100vw, 168px\" \/><a href=\"http:\/\/fg-elearning.gi.de\/\">Fachgruppe e<\/a><a href=\"http:\/\/fg-elearning.gi.de\/\">-Learning<\/a> der Gesellschaft f\u00fcr Informatik e.V. (GI) veranstaltet. Diese Fachgruppe besch\u00e4ftigt sich mit allen Aspekten rechnergest\u00fctzter Lehr- und Lernformen in Hochschule, Schule und Beruf sowie f\u00fcr das lebenslange Lernen. Das Thema hat Ber\u00fchrungspunkte zu vielen Bereichen der Informatik, z.B. Softwaretechnik, Multimedia, CSCW, Mensch-Computer-Interaktion, Wissensmanagement, intelligente Lehr- und Lernsysteme und Wirtschaftsinformatik. Die Fachgruppe e-learning betrachtet insbesondere bereichs\u00fcbergreifende Fragestellungen und ist den drei GI-Fachbereichen Informatik und Ausbildung\/Didaktik der Informatik, Wirtschaftsinformatik sowie Mensch-Computer-Interaktion zugeordnet.<\/p>\n<p><a href=\"http:\/\/www.artop.de\" target=\"_blank\"><img loading=\"lazy\" decoding=\"async\" src=\"http:\/\/muc2013.mensch-und-computer.de\/wp-content\/uploads\/sites\/3\/2012\/11\/logo_artop_small.jpg\" alt=\"logo_artop_small\" width=\"250\" height=\"82\" class=\"alignleft size-full wp-image-693\" style=\"margin: 17px;margin-top: 30px\" \/><\/a><br \/>\n<a href=\"http:\/\/www.ergosign.de\" target=\"_blank\"><img loading=\"lazy\" decoding=\"async\" src=\"http:\/\/muc2013.mensch-und-computer.de\/wp-content\/uploads\/sites\/3\/2012\/11\/logo_ergosign_small.png\" alt=\"logo_ergosign_small\" width=\"250\" height=\"113\" class=\"alignnone size-full wp-image-739\" style=\"margin-top: -15px\" \/><\/a><br \/>\n<a href=\"http:\/\/www.agentursiegmund.de\" target=\"_blank\"><img loading=\"lazy\" decoding=\"async\" src=\"http:\/\/muc2013.mensch-und-computer.de\/wp-content\/uploads\/sites\/3\/2012\/11\/logo_siegmund_small.png\" alt=\"logo_siegmund_small\" width=\"250\" height=\"90\" class=\"alignleft size-full wp-image-697\" style=\"margin: 17px;margin-top: 50px\" \/><\/a><br \/>\n<a href=\"http:\/\/www.smivision.com\" target=\"_blank\"><img loading=\"lazy\" decoding=\"async\" src=\"http:\/\/muc2013.mensch-und-computer.de\/wp-content\/uploads\/sites\/3\/2012\/11\/logo_smi_small.jpg\" alt=\"logo_smi_small\" width=\"250\" height=\"146\" class=\"alignnone size-full wp-image-698\" \/><\/a><br \/>\n<a href=\"http:\/\/www.tobii.com\" target=\"_blank\"><img loading=\"lazy\" decoding=\"async\" src=\"http:\/\/muc2013.mensch-und-computer.de\/wp-content\/uploads\/sites\/3\/2012\/11\/logo_tobii_small.jpg\" alt=\"logo_tobii_small\" width=\"250\" height=\"118\" class=\"alignnone size-full wp-image-740\" style=\"margin: 17px\" \/><\/a><\/p>\n<p><a href=\"http:\/\/www.mangold-international.com\" target=\"_blank\"><img loading=\"lazy\" decoding=\"async\" src=\"http:\/\/muc2013.mensch-und-computer.de\/wp-content\/uploads\/sites\/3\/2012\/11\/logo_mangold_small.jpg\" alt=\"logo_mangold_small\" width=\"160\" height=\"42\" class=\"alignnone size-full wp-image-719\" style=\"margin: 12px\" \/><\/a><a href=\"http:\/\/www.schulz-gruppe.st\" target=\"_blank\"><img loading=\"lazy\" decoding=\"async\" src=\"http:\/\/muc2013.mensch-und-computer.de\/wp-content\/uploads\/sites\/3\/2012\/11\/logo_schulz_small.jpg\" alt=\"logo_schulz_small\" width=\"160\" height=\"99\" class=\"alignnone size-full wp-image-696\" style=\"margin: 12px\" \/><\/a><a href=\"http:\/\/www.infoquelle.de\" target=\"blank\"><img loading=\"lazy\" decoding=\"async\" src=\"http:\/\/muc2013.mensch-und-computer.de\/wp-content\/uploads\/sites\/3\/2012\/11\/logo_infoquelle_small.png\" alt=\"logo_infoquelle_small\" width=\"160\" height=\"55\" class=\"alignnone size-full wp-image-694\" style=\"margin: 12px\" \/><\/a><br \/>\n<a href=\"http:\/\/www.interaction-design.org\" target=\"_blank\"><img loading=\"lazy\" decoding=\"async\" src=\"http:\/\/muc2013.mensch-und-computer.de\/wp-content\/uploads\/sites\/3\/2012\/11\/logo_interactionDesign_small.jpg\" alt=\"logo_interactionDesign_small\" width=\"160\" height=\"41\" class=\"aligncenter size-full wp-image-699\" style=\"margin: 12px\" \/><\/a><\/p>","protected":false},"excerpt":{"rendered":"<p>Das Programmheft f\u00fcr die Interaktive Vielfalt 2013 ist online verf\u00fcgbar: Programmheft_MuC_UP_DeLFI.pdf \u00dcber die Konferenz Seit 2003 pr\u00e4sentiert die DeLFI-Tagungsreihe dem interessierten Fachpublikum aktuelle, innovative informatiknahe Ergebnisse zum Thema e-Learning aus Forschung und Praxis. Ausgangspunkt f\u00fcr die DeLFI 2013 ist die &hellip; <a href=\"https:\/\/muc2013.mensch-und-computer.de\/en\/delfi\/\">Continue reading <span class=\"meta-nav\">&rarr;<\/span><\/a><\/p>\n","protected":false},"author":2,"featured_media":0,"parent":0,"menu_order":0,"comment_status":"closed","ping_status":"closed","template":"","meta":{"footnotes":""},"class_list":["post-108","page","type-page","status-publish","hentry"],"_links":{"self":[{"href":"https:\/\/muc2013.mensch-und-computer.de\/en\/wp-json\/wp\/v2\/pages\/108","targetHints":{"allow":["GET"]}}],"collection":[{"href":"https:\/\/muc2013.mensch-und-computer.de\/en\/wp-json\/wp\/v2\/pages"}],"about":[{"href":"https:\/\/muc2013.mensch-und-computer.de\/en\/wp-json\/wp\/v2\/types\/page"}],"author":[{"embeddable":true,"href":"https:\/\/muc2013.mensch-und-computer.de\/en\/wp-json\/wp\/v2\/users\/2"}],"replies":[{"embeddable":true,"href":"https:\/\/muc2013.mensch-und-computer.de\/en\/wp-json\/wp\/v2\/comments?post=108"}],"version-history":[{"count":0,"href":"https:\/\/muc2013.mensch-und-computer.de\/en\/wp-json\/wp\/v2\/pages\/108\/revisions"}],"wp:attachment":[{"href":"https:\/\/muc2013.mensch-und-computer.de\/en\/wp-json\/wp\/v2\/media?parent=108"}],"curies":[{"name":"wp","href":"https:\/\/api.w.org\/{rel}","templated":true}]}}