{"id":10,"date":"2012-11-29T14:43:28","date_gmt":"2012-11-29T14:43:28","guid":{"rendered":"http:\/\/www.brosig-koch.de\/wordpress\/?page_id=10"},"modified":"2012-11-29T14:43:28","modified_gmt":"2012-11-29T14:43:28","slug":"beitragsformen","status":"publish","type":"page","link":"https:\/\/muc2013.mensch-und-computer.de\/en\/mensch-computer\/beitragsformen\/","title":{"rendered":"Beitragsformen"},"content":{"rendered":"<p>Die Abgabe von Beitr\u00e4gen erfolgt ausschlie\u00dflich in elektronischer Form \u00fcber das <a href=\"https:\/\/www.conftool.com\/mc2013\/\" target=\"_blank\">Konferenzmanagement-System<\/a>: Melden Sie sich dazu bitte als neuer Benutzer an oder verwenden Sie Ihren bestehenden Account. Jeder Beitrag wird nur von einem der Autoren (vorzugsweise der Erstautorin bzw. dem Erstautor) eingereicht. Nach der Begutachtung der Beitr\u00e4ge ist das Ergebnis \u00fcber das Konferenzmanagement-System abrufbar. F\u00fcr die Anmeldung zur Teilnahme an der Konferenz nutzen Sie bitte ebenfalls diesen Zugang. F\u00fcr die einzelnen Beitragsformen gelten unterschiedliche Anforderungen und Begrenzungen an Umfang und Detaillierung der Beitr\u00e4ge. Zudem ist es f\u00fcr die Ver\u00f6ffentlichung im Tagungsband Voraussetzung, dass mindestens einer der Autoren an der Tagung teilnimmt und dort den Beitrag pr\u00e4sentiert. Ein Honorar kann hierf\u00fcr nicht gezahlt werden. Wie \u00fcblich gelten f\u00fcr Autoren von Tagungsbeitr\u00e4gen die gleichen Tagungsgeb\u00fchren wie f\u00fcr alle anderen Teilnehmerinnen und Teilnehmer. Beitr\u00e4ge k\u00f6nnen in deutscher und englischer Sprache eingereicht und pr\u00e4sentiert werden. Beitragsformen sind:<\/p>\n<ul>\n<li><a href=\"http:\/\/muc2013.mensch-und-computer.de\/mensch-computer\/beitragsformen\/#Langbeitraege\">Langbeitr\u00e4ge (Vortr\u00e4ge)<\/a><\/li>\n<li><a href=\"http:\/\/muc2013.mensch-und-computer.de\/mensch-computer\/beitragsformen\/#Kurzbeitraege\">Kurzbeitr\u00e4ge (Poster)<\/a><\/li>\n<li><a href=\"http:\/\/muc2013.mensch-und-computer.de\/mensch-computer\/beitragsformen\/#Interaktion\">inter | aktion \u2013 Kurzbeitr\u00e4ge (interaktive Demos)<\/a><\/li>\n<li><a href=\"http:\/\/muc2013.mensch-und-computer.de\/mensch-computer\/beitragsformen\/#Workshops\">Workshops<\/a><\/li>\n<li><a href=\"http:\/\/muc2013.mensch-und-computer.de\/mensch-computer\/beitragsformen\/#Tutorien\">Tutorien<\/a><\/li>\n<li><a href=\"http:\/\/muc2013.mensch-und-computer.de\/mensch-computer\/beitragsformen\/#Doktorandenseminar\">Doktorandenseminar<\/a><\/li>\n<li><a href=\"http:\/\/muc2013.mensch-und-computer.de\/mensch-computer\/beitragsformen\/#Visionen\">Visionen<\/a><\/li>\n<\/ul>\n<p>Die angenommenen Beitr\u00e4ge werden im Tagungsband bzw. im begleitenden Poster- und Workshopband ver\u00f6ffentlicht. Bei der Einreichung von Beitr\u00e4gen m\u00fcssen die\u00a0<a href=\"http:\/\/muc2013.mensch-und-computer.de\/mensch-computer\/beitragsformen\/#Autorenrichtlinien\">Autorenrichtlinien<\/a>\u00a0befolgt werden.<\/p>\n<table id=\"calltable\" style=\"text-align:center;font-size:10px\">\n<tr style=\"background-color:#d6e9ff\">\n<td>Termine<\/td>\n<td>Lang\/<br \/>Kurzbeitr\u00e4ge<\/td>\n<td>Inter &#124; aktion<br \/>Demo-<br \/>Kurzbeitr\u00e4ge<\/td>\n<td>Tutorien<\/td>\n<td>Visionen<\/td>\n<td>Doktorandenseminar<\/td>\n<\/tr>\n<tr>\n<td style=\"background-color:#ddd\"><strike>17. M\u00e4rz 2013<\/strike><br \/><strike>1. April 2013<\/strike><\/td>\n<td>Einreichung<\/td>\n<td><\/td>\n<td><\/td>\n<td><\/td>\n<td><\/td>\n<\/tr>\n<tr>\n<td style=\"background-color:#ddd\"><strike>12. Mai 2013<\/strike><br \/>26. Mai 2013<\/td>\n<td><\/td>\n<td>Einreichung<\/td>\n<td><\/td>\n<td><\/td>\n<td><\/td>\n<\/tr>\n<tr>\n<td style=\"background-color:#ddd\">31. Mai 2013<\/td>\n<td>Benachrichtigung<\/td>\n<td><\/td>\n<td><\/td>\n<td><\/td>\n<td><\/td>\n<\/tr>\n<tr>\n<td style=\"background-color:#ddd\">1. Juni 2013<\/td>\n<td><\/td>\n<td><\/td>\n<td><\/td>\n<td><\/td>\n<td><\/td>\n<\/tr>\n<tr>\n<td style=\"background-color:#ddd\">16. Juni 2013<\/td>\n<td><\/td>\n<td><\/td>\n<td>Einreichung<\/td>\n<td><\/td>\n<td>Einreichung<\/td>\n<\/tr>\n<tr>\n<td style=\"background-color:#ddd\">26. Juni 2013<\/td>\n<td><\/td>\n<td><\/td>\n<td><\/td>\n<td><\/td>\n<td><\/td>\n<\/tr>\n<tr>\n<td style=\"background-color:#ddd\">30. Juni 2013<\/td>\n<td>Camera-Ready<br \/>Copy<\/td>\n<td><\/td>\n<td><\/td>\n<td><\/td>\n<td><\/td>\n<\/tr>\n<tr>\n<td style=\"background-color:#ddd\">10. Juli 2013<\/td>\n<td><\/td>\n<td>Camera-Ready<br \/>Copy<\/td>\n<td><\/td>\n<td><\/td>\n<td><\/td>\n<\/tr>\n<tr>\n<td style=\"background-color:#ddd\">15. Juli 2013<\/td>\n<td><\/td>\n<td><\/td>\n<td><\/td>\n<td>Einreichung<\/td>\n<td><\/td>\n<\/tr>\n<\/table>\n<p>Die Einreichungstermine f\u00fcr Beitr\u00e4ge zu den M&amp;C-Workshops werden von den Workshop-Organisatoren festgelegt.<\/p>\n<h2 id=\"Beitragsformen\">Beschreibung der Beitragsformen<\/h2>\n<p>Eine Tagung mit einem so reichhaltigen Spektrum wie die Mensch &amp; Computer lebt von vielen unterschiedlichen Beitr\u00e4gen. Um einen lebendigen und fach\u00fcbergreifenden Austausch zu erm\u00f6glichen, sind folgende Formate vorgesehen:<\/p>\n<h3 id=\"Langbeitraege\">Langbeitr\u00e4ge (Vortr\u00e4ge)<\/h3>\n<p>Hierbei kann es sich sowohl um Forschungs- als auch um Praxisberichte handeln. Die schriftlichen Beitr\u00e4ge m\u00fcssen einen Gesamtumfang von\u00a0<strong>8 bis 10 Seiten<\/strong>\u00a0inklusive der Abbildungen aufweisen. Die Beitr\u00e4ge werden anonym eingereicht und begutachtet. Die angenommenen Beitr\u00e4ge nehmen am M&amp;C-Forschungspreis (<em>best paper award<\/em>) teil.<\/p>\n<h3 id=\"Kurzbeitraege\">Kurzbeitr\u00e4ge (Poster)<\/h3>\n<p>In dieser Kategorie k\u00f6nnen ebenfalls forschungs- oder praxisorientierte Arbeiten eingereicht werden. Sie stellen in Kurzform Forschungsergebnisse und Praxisbeispiele dar. Erw\u00fcnscht sind insbesondere Darstellungen innovativer Konzepte oder Techniken, sowie Berichte zu relevanten (Zwischen-)&nbsp;Ergebnissen aus laufenden Arbeiten. Diese m\u00fcssen noch nicht vollst\u00e4ndig umgesetzt bzw. untersucht sein, sollen aber einen deutlichen Beitrag gegen\u00fcber dem aktuellen Forschungsstand bzw. der aktuellen Praxis liefern. Kurzbeitr\u00e4ge haben einen Umfang von maximal\u00a0<strong>4 Seiten<\/strong>. Die Beitr\u00e4ge sind zu anonymisieren. Die Kurzbeitr\u00e4ge werden auf der Tagung im Rahmen einer Postersession pr\u00e4sentiert und k\u00f6nnen in der Ausstellung an den Postern diskutiert werden.<\/p>\n<p>Die Poster sind in der Gr\u00f6\u00dfe Din A0 anzufertigen.<\/p>\n<h3 id=\"Interaktion\">inter | aktion \u2013 Interaktive Demos<\/h3>\n<p>Mensch-Computer-Interaktion lebt vom Anfassen, Ausprobieren, Interagieren und Erleben. Deshalb gibt es 2013 wieder die Kategorie\u00a0<strong>inter | aktion<\/strong>\u00a0\u2013 die M&amp;C Demosession. Hierf\u00fcr k\u00f6nnen faszinierende Technikdemos, neuartige Interaktionsformen, gestalterische und auch interaktive k\u00fcnstlerische Arbeiten eingereicht werden. Die Demobeitr\u00e4ge werden in einer eigenen\u00a0<em>Demo Session<\/em>prominent pr\u00e4sentiert und sollen zum Kennenlernen, Ausprobieren, Nachmachen, Diskutieren, Kontakte kn\u00fcpfen und zum Wissensaustausch anregen. In einer vorausgehenden\u00a0<em>Demo Mania<\/em>\u00a0werden alle Beitr\u00e4ge in Ultrakurzform vor gro\u00dfem Auditorium pr\u00e4sentiert, um Aufmerksamkeit f\u00fcr den eigenen Demobeitrag zu schaffen. Folgende Beitr\u00e4ge k\u00f6nnen u.a. eingereicht werden:<\/p>\n<ul>\n<li>Interaktive Systeme oder Demonstratoren als innovative Interaktionsbeispiele. Dies k\u00f6nnen neuartige Hardware-L\u00f6sungen, Interaktionskonzepte oder interessante Softwarel\u00f6sungen aus verschiedensten Anwendungsbereichen sein. Einzige Bedingung ist, dass es sich um nicht-kommerzielle Beitr\u00e4ge handelt. Begr\u00fc\u00dft wird auch die Einreichung von Demonstratoren, die einen im wissenschaftlichen Programm eingereichten Langbeitrag begleiten.<\/li>\n<li>Gestalterisch innovative Beispiele digitaler Medien oder interaktiver Systeme sowie interaktive, multimediale oder k\u00fcnstlerische Arbeiten (z.B. Installationen, Spiele).<\/li>\n<\/ul>\n<p>Jeder Demo-Beitrag wird in Form folgender Dokumente eingereicht:<\/p>\n<ul>\n<li>Demo-Kurzbeitrag: Beschreiben Sie Ihr System oder Ihre gestalterische\/k\u00fcnstlerische Arbeit in knapper Form auf <strong>2 bis 4 Seiten<\/strong>. Die Kurzbeitr\u00e4ge sollten den\u00a0<a href=\"http:\/\/muc2013.mensch-und-computer.de\/mensch-computer\/beitragsformen\/#Autorenrichtlinien\">Autorenrichtlinien<\/a>\u00a0folgen, jedoch\u00a0<em>nicht anonym<\/em>\u00a0eingereicht werden. Sowohl deutsch- als auch englischsprachige Beitr\u00e4ge sind willkommen. Wir bitten auch um Einreichung eines\u00a0<em>begleitenden Videos<\/em>, in dem das interaktive System in Aktion gezeigt wird. Demo-Kurzbeitr\u00e4ge werden im Poster- und Workshopband publiziert.<\/li>\n<li>Demo-Datenblatt: Das Dokument beschreibt in knapper und strukturierter Form die platzm\u00e4\u00dfigen, technischen, akustischen und ggf. logistischen Anforderungen an das Demo, auch etwaige besondere Lichtverh\u00e4ltnisse, ben\u00f6tigte M\u00f6bel etc. Ebenso sollte darin enthalten sein, wie die Besucher mit Ihrem Demo \/ Ihrer Installation interagieren werden. Bitte verwenden Sie auch Bilder und Skizzen in diesem Dokument, f\u00fcr das es keine spezielle Textvorlage gibt. Es wird nicht ver\u00f6ffentlicht und dient nur der (organisatorischen) Begutachtung und z.B. dem Ausbalancieren von Platzproblemen.<\/li>\n<\/ul>\n<p>Die Begutachtung der Demo-Beitr\u00e4ge ist weniger strikt als bei wissenschaftlichen Langbeitr\u00e4gen und orientiert sich prim\u00e4r am Innovationsgrad, der spannenden L\u00f6sung f\u00fcr ein Problem, der technischen Neuartigkeit oder der gestalterischen Qualit\u00e4t. Ein wesentliches Kriterium ist auch, wie interaktiv und inspirierend eine Demo f\u00fcr die Konferenzbesucher sein wird. F\u00fcr die besten Demo-Beitr\u00e4ge wird es einen Publikumspreis geben, der am Ende der Konferenz feierlich verliehen wird. Es lohnt sich also, die Konferenzbesucher mit Ihrem Beitrag zu begeistern!<\/p>\n<h3 id=\"Workshops\">Workshops<\/h3>\n<p>Parallel zu den Vortr\u00e4gen finden halb- oder ganzt\u00e4gige Workshops statt und bieten ein offenes Forum f\u00fcr Kurzpr\u00e4sentationen, Diskussionen oder gemeinsames Arbeiten. Die Organisation der Beitr\u00e4ge f\u00fcr einen Workshop von der Einladung bis zur Auswahl liegt bei den Organisatoren eines Workshops. Die Beitr\u00e4ge werden in Absprache mit den Workshoporganisatoren im eigenen Workshopband publiziert. Vorschl\u00e4ge werden nicht anonymisiert und beinhalten bitte:<\/p>\n<ul>\n<li>Titel<\/li>\n<li>kurze Beschreibung des Themas, der Inhalte und der Zielsetzung (max. zwei Seiten)<\/li>\n<li>Informationen \u00fcber die Organisation und Durchf\u00fchrung<\/li>\n<li>Zielgruppe und ggf. maximale Teilnehmerzahl<\/li>\n<\/ul>\n<p>Nutzen Sie bitte das Template unter den\u00a0<a href=\"http:\/\/muc2013.mensch-und-computer.de\/mensch-computer\/beitragsformen\/#Autorenrichtlinien\">Autorenrichtlinien<\/a>. Die Beitr\u00e4ge der angenommenen Workshops k\u00f6nnen in Absprache mit den Organisatoren im Poster- und Workshopband publiziert werden. Bitte nutzen Sie daf\u00fcr auch das Template unter den <a href=\"http:\/\/muc2013.mensch-und-computer.de\/mensch-computer\/beitragsformen\/#Autorenrichtlinien\">Autorenrichtlinien<\/a>.<\/p>\n<h3 id=\"Tutorien\">Tutorien<\/h3>\n<p>Vor der eigentlichen Tagung findet am Sonntag, dem 08.09.2013, ein Tutorientag statt. Tutorien k\u00f6nnen halb- oder ganzt\u00e4gig zu verschiedenen Themen durchgef\u00fchrt werden. Vorschl\u00e4ge werden nicht anonymisiert und beinhalten bitte:<\/p>\n<ul>\n<li>Titel<\/li>\n<li>kurze Inhaltsbeschreibung und didaktische Konzeption (max. zwei Seiten)<\/li>\n<li>Informationen \u00fcber den oder die Durchf\u00fchrende(n)<\/li>\n<li>Zielgruppe und ggf. maximale Teilnehmerzahl<\/li>\n<\/ul>\n<p>Die Beitr\u00e4ge k\u00f6nnen einf\u00fchrender oder auch vertiefender Natur sein. Nutzen Sie bitte das Template unter den\u00a0<a href=\"http:\/\/muc2013.mensch-und-computer.de\/mensch-computer\/beitragsformen\/#Autorenrichtlinien\">Autorenrichtlinien<\/a>.<\/p>\n<h3 id=\"Doktorandenseminar\">Doktorandenseminar<\/h3>\n<p>Im Rahmen der <a href=\"http:\/\/muc2013.mensch-und-computer.de\/mensch-computer\/\">Tagung Mensch &amp; Computer 2013<\/a> wird voraussichtlich am 8.9.2013 ein gemeinsames Seminar f\u00fcr Doktorandinnen und Doktoranden angeboten. Hier sollen laufende bzw. k\u00fcrzlich abgeschlossene Promotionsvorhaben vorgestellt, von Fachexperten der beteiligten Disziplinen kommentiert und gemeinsam diskutiert werden. Dadurch sollen nicht nur einzelne Arbeiten unterst\u00fctzt, sondern auch der Austausch zwischen Promovierenden gef\u00f6rdert werden. Ferner erhalten Doktorandeninnen und Doktoranden durch die vorgestellten Dissertationsprojekte Orientierungshilfen und Anregungen f\u00fcr die eigenen Arbeiten.<\/p>\n<p>Organisatoren und Verantwortliche f\u00fcr das Auswahlverfahren des Doktorandenseminars auf der Mensch und Computer 2013 sind:<\/p>\n<ul>\n<li> Prof. Dr. Michael Koch (Universit\u00e4t der Bundeswehr M\u00fcnchen)\n<li> Prof. Dr. Thomas Herrmann (Ruhr-Universit\u00e4t Bochum)\n<\/ul>\n<p><strong>Teilnahme \/ Bewerbung<\/strong><br \/>\nEine Teilnahme am Seminar ist nur auf Einladung m\u00f6glich. Wenn Sie Interesse an einer Einladung haben, dann sollten Sie gerade an einer Dissertation im Themenbereich der Konferenz Mensch und Computer (einschl. Interaktionsdesign, Usability, CSCW) arbeiten, bzw. eine solche gerade abgeschlossen haben. Bewerben Sie sich bitte bis zum 16. Juni 2013 mit einer Kurzdarstellung aus dem Kontext ihrer Dissertation (Motivation, Problemstellung, L\u00f6sungsweg, (Zwischen-)Ergebnisse) auf maximal vier Seiten. Bitte nutzen Sie die Autorenrichtlinien und Formatvorlagen der Tagung zum Formatieren Ihres Textes. Die Einreichung erfolgt \u00fcber das Konferenzmanagement-System. Die eingereichten Kurzdarstellungen dienen nur zur Auswahl und zur Vorbereitung aller Teilnehmer auf das Seminar und werden nicht in irgendwelchen Proceedings ver\u00f6ffentlicht.<\/p>\n<h3 id=\"Visionen\">Visionen der Mensch-Computer-Interaktion im Jahre 2026<\/h3>\n<p>Im Rahmen einer eigenen Visionen-Sitzung m\u00f6chten wir Sie einladen, einen Blick in die Zukunft zu werfen: Wie werden wir im Jahre 2026 mit dem Computer bzw. digitalen Informationen interagieren? Eingereicht werden k\u00f6nnen Visionsvideos neuartiger Benutzeroberfl\u00e4chen, kreative Designstudien oder Alltagsgeschichten aus der Zukunft \u0096 immer mit Bezug auf die Mensch-Computer Interaktion (MCI). Dabei kann die momentane Realisierbarkeit au\u00dfer Acht gelassen werden. Wagen Sie einen Blick in die Zukunft. Frei von technischen Restriktionen! Machen Sie Ihre Vision anhand eines Videos anschaulich und erg\u00e4nzen dieses durch eine Kurzbeschreibung. Das Video sollte jedoch ohne die Kurzbeschreibung verst\u00e4ndlich sein. Die besten Visionen werden durch das Programmkomitee ausgew\u00e4hlt und d\u00fcrfen an der Visionen-Sitzung teilnehmen. Die Bewertung der Videos erfolgt je nachdem wie stimulierend die Idee f\u00fcr die MCI-Community sein kann und wie gut die inhaltliche Botschaft kommuniziert wird. Zus\u00e4tzlich winkt der besten Vision ein Preis. Diese Kategorie wendet sich vor allem \u0096 aber nicht nur \u0096 an Studierende! Eingereicht werden k\u00f6nnen:<\/p>\n<ul>\n<li>Designstudien in Form von Videos in folgenden Formaten: 640\u00d7480 Pixel, empfohlen 1280\u00d7720 Pixel; min. 2 und max. 5 Minuten Dauer (mit Sprechertext oder Texttafeln).<\/li>\n<li><strong>3 bis 4 Seiten<\/strong> Kurzbeschreibung mit Autorenliste und Referenzen<\/li>\n<li>Sprache: Deutsch oder Englisch<\/li>\n<\/ul>\n<p>Eine Publikation der Ergebnisse ist im Rahmen des elektronischen Tagungsband geplant. Die\u00a0<a href=\"http:\/\/muc2013.mensch-und-computer.de\/mensch-computer\/beitragsformen\/#Autorenrichtlinien\">Autorenrichtlinien<\/a>\u00a0gelten hier nur f\u00fcr die Kurzbeschreibung. Es ist unbedingt erforderlich, dass Autoren die Rechte am Material besitzen, welches in ihrem Video enthalten ist (Musik, Video, Bilder, etc.). Die Erlangung der Verwendungserlaubnis f\u00fcr derartiges Material obliegt den Autoren. Es wird die Verwendung von Inhalten mit Creative Commons Lizenz (z.B. <a href=\"http:\/\/creativecommons.org\/legalmusicforvideos\">http:\/\/creativecommons.org\/legalmusicforvideos<\/a>) empfohlen.<\/p>\n<h2 id=\"Autorenrichtlinien\">Autorenrichtlinien zur Erstellung von Beitr\u00e4gen<\/h2>\n<p>Der Tagungsband der Konferenz Mensch &amp; Computer 2013 wird in elektronischer Form im Oldenbourg Wissenschaftsverlag erscheinen. Eine gedruckte Version kann als\u00a0<em>print-on-demand<\/em>\u00a0bezogen werden. Die Vorgaben f\u00fcr die Einreichungen von Beitr\u00e4gen sind daher identisch mit denen der Mensch &amp; Computer 2004 bis 2012. Bitte reichen Sie Ihre Beitr\u00e4ge f\u00fcr die erste Begutachtung <strong>anonymisiert als PDF-Dokument<\/strong>  ein (Ausnahme: Demo-Kurzbeitr\u00e4ge). Zur Anonymisierung empfehlen wir die Funktion \u201cErweitert \u2013&gt; Schw\u00e4rzen\u201d im Adobe Acrobat Men\u00fc. Die endg\u00fcltige Druckfassung ben\u00f6tigen wir druckreif als Word- (ab Version 2000) und zus\u00e4tzlich als PDF-Dokument. Beachten Sie bitte die Autorenrichtlinien und die Hinweisen zur Anfertigung von Abbildungen. Andere Formate k\u00f6nnen nicht entgegengenommen werden. Zur Erleichterung der Arbeit steht Ihnen eine Dokumentvorlage zur Verf\u00fcgung. Sie gilt f\u00fcr alle Beitragsformen. Wenn Sie Abbildungen verwenden, beachten Sie bitte auch die Autorenrichtlinien und die Hinweise zu Abbildungen:<\/p>\n<ul>\n<li>Autorenrichtlinien <a href=\"http:\/\/muc2013.mensch-und-computer.de\/wordpress\/wp-content\/uploads\/2012\/12\/Autorenrichtlinien.dotx\">Vorlage MS WORD<\/a><\/li>\n<li>Autorenrichtlinien <a href=\"http:\/\/muc2013.mensch-und-computer.de\/wp-content\/uploads\/sites\/3\/2012\/12\/Autorenrichtlinien.pdf\">PDF<\/a><\/li>\n<li>Hinweise zu Abbildungen <a href=\"http:\/\/muc2013.mensch-und-computer.de\/wp-content\/uploads\/sites\/3\/2012\/12\/Autorenrichtlinien_Abbildungen.pdf\"> PDF<\/a><\/li>\n<li>Erkl\u00e4rung Autorenrechte MuC2013 <a href=\"http:\/\/muc2013.mensch-und-computer.de\/wordpress\/wp-content\/uploads\/2012\/11\/Erkl\u00e4rung-Autorenrechte-MuC2013.doc\">MS WORD<\/a><\/li>\n<\/ul>\n<p>Die Beitr\u00e4ge k\u00f6nnen in deutscher oder englischer Sprache eingereicht und pr\u00e4sentiert werden.<\/p>","protected":false},"excerpt":{"rendered":"<p>Die Abgabe von Beitr\u00e4gen erfolgt ausschlie\u00dflich in elektronischer Form \u00fcber das Konferenzmanagement-System: Melden Sie sich dazu bitte als neuer Benutzer an oder verwenden Sie Ihren bestehenden Account. Jeder Beitrag wird nur von einem der Autoren (vorzugsweise der Erstautorin bzw. dem &hellip; <a href=\"https:\/\/muc2013.mensch-und-computer.de\/en\/mensch-computer\/beitragsformen\/\">Continue reading <span class=\"meta-nav\">&rarr;<\/span><\/a><\/p>\n","protected":false},"author":2,"featured_media":0,"parent":6,"menu_order":80,"comment_status":"open","ping_status":"closed","template":"","meta":{"footnotes":""},"class_list":["post-10","page","type-page","status-publish","hentry"],"_links":{"self":[{"href":"https:\/\/muc2013.mensch-und-computer.de\/en\/wp-json\/wp\/v2\/pages\/10","targetHints":{"allow":["GET"]}}],"collection":[{"href":"https:\/\/muc2013.mensch-und-computer.de\/en\/wp-json\/wp\/v2\/pages"}],"about":[{"href":"https:\/\/muc2013.mensch-und-computer.de\/en\/wp-json\/wp\/v2\/types\/page"}],"author":[{"embeddable":true,"href":"https:\/\/muc2013.mensch-und-computer.de\/en\/wp-json\/wp\/v2\/users\/2"}],"replies":[{"embeddable":true,"href":"https:\/\/muc2013.mensch-und-computer.de\/en\/wp-json\/wp\/v2\/comments?post=10"}],"version-history":[{"count":0,"href":"https:\/\/muc2013.mensch-und-computer.de\/en\/wp-json\/wp\/v2\/pages\/10\/revisions"}],"up":[{"embeddable":true,"href":"https:\/\/muc2013.mensch-und-computer.de\/en\/wp-json\/wp\/v2\/pages\/6"}],"wp:attachment":[{"href":"https:\/\/muc2013.mensch-und-computer.de\/en\/wp-json\/wp\/v2\/media?parent=10"}],"curies":[{"name":"wp","href":"https:\/\/api.w.org\/{rel}","templated":true}]}}